{"id":37,"date":"2022-03-24T03:11:09","date_gmt":"2022-03-24T03:11:09","guid":{"rendered":"https:\/\/osgeraldos.com.br\/?page_id=37"},"modified":"2023-02-01T19:16:09","modified_gmt":"2023-02-01T19:16:09","slug":"formacao","status":"publish","type":"page","link":"https:\/\/osgeraldos.com.br\/es\/formacao\/","title":{"rendered":"Formaci\u00f3n"},"content":{"rendered":"<div id=\"fws_69ea354a1af8b\"  data-column-margin=\"default\" data-midnight=\"dark\" data-bottom-percent=\"5%\"  class=\"wpb_row vc_row-fluid vc_row full-width-content vc_row-o-equal-height vc_row-flex vc_row-o-content-top  nectar-overflow-hidden\"  style=\"padding-top: 0px; padding-bottom: calc(100vw * 0.05); \"><div class=\"row-bg-wrap\" data-bg-animation=\"none\" data-bg-overlay=\"false\"><div class=\"inner-wrap\"><div class=\"row-bg viewport-desktop\"  style=\"\"><\/div><\/div><\/div><div class=\"row_col_wrap_12 col span_12 dark left\">\n\t<div  class=\"vc_col-sm-12 wpb_column column_container vc_column_container col no-extra-padding el_spacing_0px inherit_tablet inherit_phone\"  data-padding-pos=\"all\" data-has-bg-color=\"false\" data-bg-color=\"\" data-bg-opacity=\"1\" data-animation=\"\" data-delay=\"0\" >\n\t\t<div class=\"vc_column-inner\" >\n\t\t\t<div class=\"wpb_wrapper\">\n\t\t\t\t<div id=\"fws_69ea354a1b0fb\" data-midnight=\"\" data-column-margin=\"none\" class=\"wpb_row vc_row-fluid vc_row inner_row\"  style=\" z-index: 100;\"><div class=\"row-bg-wrap\"> <div class=\"row-bg\" ><\/div> <\/div><div class=\"row_col_wrap_12_inner col span_12  left\">\n\t<div  class=\"vc_col-sm-12 wpb_column column_container vc_column_container col child_column no-extra-padding inherit_tablet inherit_phone\"   data-padding-pos=\"all\" data-has-bg-color=\"false\" data-bg-color=\"\" data-bg-opacity=\"1\" data-animation=\"\" data-delay=\"0\" data-scroll-animation=\"true\" data-scroll-animation-movement=\"transform_x\" data-scroll-animation-mobile=\"true\" data-scroll-animation-intensity=\"3.5\" >\n\t\t<div class=\"vc_column-inner\" >\n\t\t<div class=\"wpb_wrapper\">\n\t\t\t<div class=\"nectar-scrolling-text font_size_11vw font_size_mobile_15vw\" data-style=\"text_outline\" data-s-dir=\"ltr\" data-spacing=\"false\" data-outline-thickness=\"ultra-thin\" data-s-speed=\"slowest\" data-overflow=\"visible\" ><div class=\"nectar-scrolling-text-inner\" style=\"color: #eeddbe;\">\n<h1>formaci\u00f3n <em>formaci\u00f3n<\/em><span>&nbsp;<\/span><\/h1>\n\n<h1>formaci\u00f3n <em>formaci\u00f3n<\/em><span>&nbsp;<\/span><\/h1>\n\n<h1>formaci\u00f3n <em>formaci\u00f3n<\/em><span>&nbsp;<\/span><\/h1>\n\n<h1>formaci\u00f3n <em>formaci\u00f3n<\/em><span>&nbsp;<\/span><\/h1>\n\n<h1>formaci\u00f3n <em>formaci\u00f3n<\/em><span>&nbsp;<\/span><\/h1>\n<\/div><\/div>\n\t\t<\/div> \n\t<\/div>\n\t<\/div> \n<\/div><\/div>\n\t\t\t<\/div> \n\t\t<\/div>\n\t<\/div> \n<\/div><\/div>\n\t\t<div id=\"fws_69ea354a1b23f\"  data-column-margin=\"default\" data-midnight=\"dark\" data-bottom-percent=\"10%\"  class=\"wpb_row vc_row-fluid vc_row full-width-content vc_row-o-equal-height vc_row-flex vc_row-o-content-top\"  style=\"padding-top: 0px; padding-bottom: calc(100vw * 0.10); \"><div class=\"row-bg-wrap\" data-bg-animation=\"none\" data-bg-overlay=\"false\"><div class=\"inner-wrap\"><div class=\"row-bg viewport-desktop\"  style=\"\"><\/div><\/div><\/div><div class=\"row_col_wrap_12 col span_12 dark left\">\n\t<div  class=\"vc_col-sm-6 wpb_column column_container vc_column_container col nectar-sticky-column-css--middle nectar-sticky-column-css padding-6-percent padding-5-percent_tablet inherit_phone\"  data-padding-pos=\"left-right\" data-has-bg-color=\"false\" data-bg-color=\"\" data-bg-opacity=\"1\" data-animation=\"\" data-delay=\"0\" >\n\t\t<div class=\"vc_column-inner\" >\n\t\t\t<div class=\"wpb_wrapper\">\n\t\t\t\t<div id=\"fws_69ea354a1b3a0\" data-midnight=\"\" data-column-margin=\"none\" class=\"wpb_row vc_row-fluid vc_row inner_row\"  style=\"padding-bottom: 15px; \"><div class=\"row-bg-wrap\"> <div class=\"row-bg\" ><\/div> <\/div><div class=\"row_col_wrap_12_inner col span_12  left\">\n\t<div  class=\"vc_col-sm-12 wpb_column column_container vc_column_container col child_column has-animation no-extra-padding inherit_tablet inherit_phone\"   data-padding-pos=\"all\" data-has-bg-color=\"false\" data-bg-color=\"\" data-bg-opacity=\"1\" data-animation=\"fade-in-from-bottom\" data-delay=\"0\" >\n\t\t<div class=\"vc_column-inner\" >\n\t\t<div class=\"wpb_wrapper\">\n\t\t\t\n<div class=\"wpb_text_column wpb_content_element\" >\n\t<div class=\"wpb_wrapper\">\n\t\t<h5>FORMACI\u00d3N<\/h5>\n\t<\/div>\n<\/div>\n\n\n\n\n\t\t<\/div> \n\t<\/div>\n\t<\/div> \n<\/div><\/div><div class=\"nectar-split-heading\" data-align=\"default\" data-m-align=\"inherit\" data-text-effect=\"default\" data-animation-type=\"line-reveal-by-space\" data-animation-delay=\"0\" data-animation-offset=\"\" data-m-rm-animation=\"\" data-stagger=\"true\" data-custom-font-size=\"true\" style=\"font-size: 4vw; line-height: 4.4vw;\"><h2 style=\"max-width: 80%;\">Valoramos la formaci\u00f3n<br \/>\nde nuevos actores.<\/h2><\/div><div class=\"vc_separator wpb_content_element vc_separator_align_right vc_sep_width_100 vc_sep_pos_align_left vc_separator-has-text\" ><span class=\"vc_sep_holder vc_sep_holder_l\"><span  style=\"border-color:#dd9933;\" class=\"vc_sep_line\"><\/span><\/span><div class=\"vc_icon_element vc_icon_element-outer vc_icon_element-align-left\"><div class=\"vc_icon_element-inner vc_icon_element-color-juicy_pink vc_icon_element-size-md vc_icon_element-style- vc_icon_element-background-color-grey\" ><span class=\"vc_icon_element-icon fa fa-angle-right\" ><\/span><\/div><\/div><h4>Navegue al lado<\/h4><span class=\"vc_sep_holder vc_sep_holder_r\"><span  style=\"border-color:#dd9933;\" class=\"vc_sep_line\"><\/span><\/span>\n<\/div><div class=\"img-with-aniamtion-wrap\" data-max-width=\"100%\" data-max-width-mobile=\"default\" data-shadow=\"none\" data-animation=\"fade-in\" >\n      <div class=\"inner\">\n        <div class=\"hover-wrap\"> \n          <div class=\"hover-wrap-inner\">\n            <img decoding=\"async\" class=\"img-with-animation skip-lazy\" data-delay=\"0\" height=\"100\" width=\"100\" data-animation=\"fade-in\" src=\"\" alt=\"\"  \/>\n          <\/div>\n        <\/div>\n      <\/div>\n    <\/div>\n\t\t\t<\/div> \n\t\t<\/div>\n\t<\/div> \n\n\t<div  class=\"vc_col-sm-6 wpb_column column_container vc_column_container col no-extra-padding el_spacing_30px padding-5-percent_tablet inherit_phone\"  data-padding-pos=\"all\" data-has-bg-color=\"false\" data-bg-color=\"\" data-bg-opacity=\"1\" data-animation=\"\" data-delay=\"0\" >\n\t\t<div class=\"vc_column-inner\" >\n\t\t\t<div class=\"wpb_wrapper\">\n\t\t\t\t<div class='nectar-post-grid-wrap formacao-text text-color-dark spacing-35px' data-el-settings='{\"post_type\":\"post\",\"pagination\":\"none\",\"image_size\":\"large\",\"aspect_ratio_image_size\":\"\",\"display_categories\":\"0\",\"display_excerpt\":\"yes\",\"display_date\":\"0\",\"color_overlay\":\"\",\"color_overlay_opacity\":\"\",\"color_overlay_hover_opacity\":\"\",\"card_bg_color\":\"\",\"grid_style\":\"content_under_image\",\"hover_effect\":\"animated_underline_zoom\",\"post_title_overlay\":\"\",\"heading_tag\":\"h3\",\"enable_gallery_lightbox\":\"0\",\"overlay_secondary_project_image\":\"\",\"vertical_list_hover_effect\":\"none\",\"vertical_list_read_more\":\"\"}' data-style='content_under_image' data-query='{\"post_type\":\"post\",\"posts_per_page\":\"2\",\"order\":\"ASC\",\"orderby\":\"title\",\"offset\":\"0\",\"cpt_name\":\"post\",\"custom_query_tax\":\"\",\"ignore_sticky_posts\":\"\"}' data-load-more-color='black' data-load-more-text='Load More'><div class=\"nectar-post-grid-filters\" data-active-color=\"default\" data-align=\"default\" data-animation=\"none\" data-sortable=\"\"><h4>Filter<\/h4><div><a href=\"#\" data-filter=\"formacao\" data-total-count=\"4\">Formaci\u00f3n<\/a><\/div><\/div><div class=\"nectar-post-grid font_size_3vw\" data-indicator=\"yes\" data-indicator-style=\"default\" data-indicator-text-color=\"#fff\" data-indicator-color=\"#ff5149\" data-indicator-text=\"Conhecer\" data-columns=\"1\" data-hover-effect=\"animated_underline_zoom\" data-text-style=\"default\" data-border-radius=\"none\" data-grid-item-height=\"60vh\" data-grid-spacing=\"35px\" data-text-layout=\"top_left\" data-text-color=\"dark\" data-text-hover-color=\"dark\" data-shadow-hover=\"\" data-animation=\"none\" data-cat-click=\"default\" data-lock-aspect=\"\"  data-text-align=\"left\" data-card=\"\"><div class=\"nectar-post-grid-item nectar-underline\" data-has-img=\"true\"> <div class=\"inner\"><div class=\"nectar-post-grid-item-bg-wrap\"><div class=\"nectar-post-grid-item-bg-wrap-inner\"><a class=\"bg-wrap-link\" aria-label=\"\u00a0Curso Libre de Teatro\" href=\"https:\/\/osgeraldos.com.br\/es\/formacao-3\/\"><\/a><div class=\"nectar-post-grid-item-bg\" style=\"background-image:url(https:\/\/osgeraldos.com.br\/wp-content\/uploads\/2022\/03\/cf2017-3-1024x768.jpeg);\"><\/div><\/div><\/div><div class=\"content\"><a class=\"nectar-post-grid-link\" href=\"https:\/\/osgeraldos.com.br\/es\/formacao-3\/\" aria-label=\"\u00a0Curso Libre de Teatro\"><\/a><div class=\"item-main\"><h3 class=\"post-heading\"><a href=\"https:\/\/osgeraldos.com.br\/es\/formacao-3\/\"><span>\u00a0Curso Libre de Teatro<\/span><\/a><\/h3><div class=\"item-meta-extra\"><span class=\"meta-excerpt\">Ofrecido desde 2009, este curso aborda nociones b\u00e1sicas de creaci\u00f3n de personajes y escenas a trav\u00e9s de la pr\u00e1ctica de juegos y ejercicios de improvisaci\u00f3n, con el objetivo de crear un espect\u00e1culo que se presenta al p\u00fablico al final del per\u00edodo lectivo....<\/span><\/div><\/div><\/div><\/div><\/div><div class=\"nectar-post-grid-item nectar-underline\" data-has-img=\"true\"> <div class=\"inner\"><div class=\"nectar-post-grid-item-bg-wrap\"><div class=\"nectar-post-grid-item-bg-wrap-inner\"><a class=\"bg-wrap-link\" aria-label=\"Curso de Formaci\u00f3n de Actores\" href=\"https:\/\/osgeraldos.com.br\/es\/curso-de-formacao-de-atores\/\"><\/a><div class=\"nectar-post-grid-item-bg\" style=\"background-image:url(https:\/\/osgeraldos.com.br\/wp-content\/uploads\/2022\/09\/Credito-Wesley-Ribeiro-1024x683.jpg);\"><\/div><\/div><\/div><div class=\"content\"><a class=\"nectar-post-grid-link\" href=\"https:\/\/osgeraldos.com.br\/es\/curso-de-formacao-de-atores\/\" aria-label=\"Curso de Formaci\u00f3n de Actores\"><\/a><div class=\"item-main\"><h3 class=\"post-heading\"><a href=\"https:\/\/osgeraldos.com.br\/es\/curso-de-formacao-de-atores\/\"><span>Curso de Formaci\u00f3n de Actores<\/span><\/a><\/h3><div class=\"item-meta-extra\"><span class=\"meta-excerpt\">El \"Curso de Formaci\u00f3n de Actores\" se lleva a cabo desde 2015 \u2013 excepto en 2020 y 2021, cuando se suspendi\u00f3 debido a la pandemia de COVID-19 \u2013 y ya ha formado alrededor de\n80 alumnos de Campinas y la regi\u00f3n. Actualmente, las clases son ofrecidas en el Teatro de Arte y Oficio (TAO por sus siglas en portugu\u00e9s), uno de los espacios culturales m\u00e1s tradicionales de Campinas, abierto hace 37 a\u00f1os. Equipado con un escenario italiano, una capacidad de 170 lugares, infraestructura de sonido e iluminaci\u00f3n, camarines, salas de producci\u00f3n y el Taller de Visualidades del Espect\u00e1culo - un taller artesanal de creaci\u00f3n de aspectos pl\u00e1sticos de las piezas de teatro -, el TAO aporta al curso el diferencial de ser realizado en un espacio esc\u00e9nico, capaz de potenciar la teatralidad como centro de la formaci\u00f3n art\u00edstica.<\/span><\/div><\/div><\/div><\/div><\/div><\/div><\/div>\n\t\t\t<\/div> \n\t\t<\/div>\n\t<\/div> \n<\/div><\/div>\n\t\t<div id=\"fws_69ea354a1cb8e\"  data-column-margin=\"default\" data-midnight=\"dark\" data-bottom-percent=\"10%\"  class=\"wpb_row vc_row-fluid vc_row full-width-content vc_row-o-equal-height vc_row-flex vc_row-o-content-top\"  style=\"padding-top: 0px; padding-bottom: calc(100vw * 0.10); \"><div class=\"row-bg-wrap\" data-bg-animation=\"none\" data-bg-overlay=\"false\"><div class=\"inner-wrap\"><div class=\"row-bg viewport-desktop\"  style=\"\"><\/div><\/div><\/div><div class=\"row_col_wrap_12 col span_12 dark left\">\n\t<div  class=\"vc_col-sm-6 wpb_column column_container vc_column_container col nectar-sticky-column-css--middle nectar-sticky-column-css padding-6-percent padding-5-percent_tablet inherit_phone\"  data-padding-pos=\"left-right\" data-has-bg-color=\"false\" data-bg-color=\"\" data-bg-opacity=\"1\" data-animation=\"\" data-delay=\"0\" >\n\t\t<div class=\"vc_column-inner\" >\n\t\t\t<div class=\"wpb_wrapper\">\n\t\t\t\t<div id=\"fws_69ea354a1cc17\" data-midnight=\"\" data-column-margin=\"none\" class=\"wpb_row vc_row-fluid vc_row inner_row\"  style=\"padding-bottom: 15px; \"><div class=\"row-bg-wrap\"> <div class=\"row-bg\" ><\/div> <\/div><div class=\"row_col_wrap_12_inner col span_12  left\">\n\t<div  class=\"vc_col-sm-12 wpb_column column_container vc_column_container col child_column has-animation no-extra-padding inherit_tablet inherit_phone\"   data-padding-pos=\"all\" data-has-bg-color=\"false\" data-bg-color=\"\" data-bg-opacity=\"1\" data-animation=\"fade-in-from-bottom\" data-delay=\"0\" >\n\t\t<div class=\"vc_column-inner\" >\n\t\t<div class=\"wpb_wrapper\">\n\t\t\t\n<div class=\"wpb_text_column wpb_content_element\" >\n\t<div class=\"wpb_wrapper\">\n\t\t<h5>FORMACI\u00d3N<\/h5>\n\t<\/div>\n<\/div>\n\n\n\n\n\t\t<\/div> \n\t<\/div>\n\t<\/div> \n<\/div><\/div><div class=\"nectar-split-heading\" data-align=\"default\" data-m-align=\"inherit\" data-text-effect=\"default\" data-animation-type=\"line-reveal-by-space\" data-animation-delay=\"0\" data-animation-offset=\"\" data-m-rm-animation=\"\" data-stagger=\"true\" data-custom-font-size=\"true\" style=\"font-size: 4vw; line-height: 4.4vw;\"><h2 style=\"max-width: 80%;\">Valorizamos a forma\u00e7\u00e3o de novos gestores e produtores culturais.<\/h2><\/div><div class=\"vc_separator wpb_content_element vc_separator_align_right vc_sep_width_100 vc_sep_pos_align_left vc_separator-has-text\" ><span class=\"vc_sep_holder vc_sep_holder_l\"><span  style=\"border-color:#dd9933;\" class=\"vc_sep_line\"><\/span><\/span><div class=\"vc_icon_element vc_icon_element-outer vc_icon_element-align-left\"><div class=\"vc_icon_element-inner vc_icon_element-color-juicy_pink vc_icon_element-size-md vc_icon_element-style- vc_icon_element-background-color-grey\" ><span class=\"vc_icon_element-icon fa fa-angle-right\" ><\/span><\/div><\/div><h4>Navegue al lado<\/h4><span class=\"vc_sep_holder vc_sep_holder_r\"><span  style=\"border-color:#dd9933;\" class=\"vc_sep_line\"><\/span><\/span>\n<\/div><div class=\"img-with-aniamtion-wrap\" data-max-width=\"100%\" data-max-width-mobile=\"default\" data-shadow=\"none\" data-animation=\"fade-in\" >\n      <div class=\"inner\">\n        <div class=\"hover-wrap\"> \n          <div class=\"hover-wrap-inner\">\n            <img decoding=\"async\" class=\"img-with-animation skip-lazy\" data-delay=\"0\" height=\"100\" width=\"100\" data-animation=\"fade-in\" src=\"\" alt=\"\"  \/>\n          <\/div>\n        <\/div>\n      <\/div>\n    <\/div>\n\t\t\t<\/div> \n\t\t<\/div>\n\t<\/div> \n\n\t<div  class=\"vc_col-sm-6 wpb_column column_container vc_column_container col no-extra-padding el_spacing_30px padding-5-percent_tablet inherit_phone\"  data-padding-pos=\"all\" data-has-bg-color=\"false\" data-bg-color=\"\" data-bg-opacity=\"1\" data-animation=\"\" data-delay=\"0\" >\n\t\t<div class=\"vc_column-inner\" >\n\t\t\t<div class=\"wpb_wrapper\">\n\t\t\t\t<div class='nectar-post-grid-wrap formacao-text text-color-dark spacing-35px' data-el-settings='{\"post_type\":\"post\",\"pagination\":\"none\",\"image_size\":\"large\",\"aspect_ratio_image_size\":\"\",\"display_categories\":\"0\",\"display_excerpt\":\"yes\",\"display_date\":\"0\",\"color_overlay\":\"\",\"color_overlay_opacity\":\"\",\"color_overlay_hover_opacity\":\"\",\"card_bg_color\":\"\",\"grid_style\":\"content_under_image\",\"hover_effect\":\"animated_underline_zoom\",\"post_title_overlay\":\"\",\"heading_tag\":\"h3\",\"enable_gallery_lightbox\":\"0\",\"overlay_secondary_project_image\":\"\",\"vertical_list_hover_effect\":\"none\",\"vertical_list_read_more\":\"\"}' data-style='content_under_image' data-query='{\"post_type\":\"post\",\"posts_per_page\":\"2\",\"order\":\"DESC\",\"orderby\":\"title\",\"offset\":\"0\",\"cpt_name\":\"post\",\"custom_query_tax\":\"\",\"ignore_sticky_posts\":\"\"}' data-load-more-color='black' data-load-more-text='Load More'><div class=\"nectar-post-grid-filters\" data-active-color=\"default\" data-align=\"default\" data-animation=\"none\" data-sortable=\"\"><h4>Filter<\/h4><div><a href=\"#\" data-filter=\"formacao\" data-total-count=\"4\">Formaci\u00f3n<\/a><\/div><\/div><div class=\"nectar-post-grid font_size_3vw\" data-indicator=\"yes\" data-indicator-style=\"default\" data-indicator-text-color=\"#fff\" data-indicator-color=\"#ff5149\" data-indicator-text=\"Conhecer\" data-columns=\"1\" data-hover-effect=\"animated_underline_zoom\" data-text-style=\"default\" data-border-radius=\"none\" data-grid-item-height=\"60vh\" data-grid-spacing=\"35px\" data-text-layout=\"top_left\" data-text-color=\"dark\" data-text-hover-color=\"dark\" data-shadow-hover=\"\" data-animation=\"none\" data-cat-click=\"default\" data-lock-aspect=\"\"  data-text-align=\"left\" data-card=\"\"><div class=\"nectar-post-grid-item nectar-underline\" data-has-img=\"true\"> <div class=\"inner\"><div class=\"nectar-post-grid-item-bg-wrap\"><div class=\"nectar-post-grid-item-bg-wrap-inner\"><a class=\"bg-wrap-link\" aria-label=\"Transformaciones\" href=\"https:\/\/osgeraldos.com.br\/es\/formacao-1\/\"><\/a><div class=\"nectar-post-grid-item-bg\" style=\"background-image:url(https:\/\/osgeraldos.com.br\/wp-content\/uploads\/2022\/03\/IMG_0068-1024x683.jpg);\"><\/div><\/div><\/div><div class=\"content\"><a class=\"nectar-post-grid-link\" href=\"https:\/\/osgeraldos.com.br\/es\/formacao-1\/\" aria-label=\"Transformaciones\"><\/a><div class=\"item-main\"><h3 class=\"post-heading\"><a href=\"https:\/\/osgeraldos.com.br\/es\/formacao-1\/\"><span>Transformaciones<\/span><\/a><\/h3><div class=\"item-meta-extra\"><span class=\"meta-excerpt\">\"Transforma\u00e7\u00f5es\", llevado a cabo por el grupo desde 2012, se presenta como un proyecto que opera como un Programa de Pr\u00e1cticas Guiadas y que ya ha recibido a m\u00e1s de 60 j\u00f3venes. La acci\u00f3n corresponde a una formaci\u00f3n en el campo de la gesti\u00f3n cultural, al conectar el aprendizaje con la pr\u00e1ctica, la actividad estudiantil y la realizaci\u00f3n profesional.<\/span><\/div><\/div><\/div><\/div><\/div><div class=\"nectar-post-grid-item nectar-underline\" data-has-img=\"true\"> <div class=\"inner\"><div class=\"nectar-post-grid-item-bg-wrap\"><div class=\"nectar-post-grid-item-bg-wrap-inner\"><a class=\"bg-wrap-link\" aria-label=\"Incubadora de Grupos Art\u00edsticos\" href=\"https:\/\/osgeraldos.com.br\/es\/incubadora\/\"><\/a><div class=\"nectar-post-grid-item-bg\" style=\"background-image:url(https:\/\/osgeraldos.com.br\/wp-content\/uploads\/2022\/10\/IMG-20180830-WA0032-1024x768.jpg);\"><\/div><\/div><\/div><div class=\"content\"><a class=\"nectar-post-grid-link\" href=\"https:\/\/osgeraldos.com.br\/es\/incubadora\/\" aria-label=\"Incubadora de Grupos Art\u00edsticos\"><\/a><div class=\"item-main\"><h3 class=\"post-heading\"><a href=\"https:\/\/osgeraldos.com.br\/es\/incubadora\/\"><span>Incubadora de Grupos Art\u00edsticos<\/span><\/a><\/h3><div class=\"item-meta-extra\"><span class=\"meta-excerpt\">La Incubadora de Grupos Art\u00edsticos es un proyecto amplio de Formaci\u00f3n, Capacitaci\u00f3n y Consultor\u00eda en Gesti\u00f3n Cultural, dirigido a artistas de todas las disciplinas, ya sea en colectivo o en carrera individual. Este proceso formativo desarrolla habilidades, herramientas y metodolog\u00edas que mejoran la estructura de gesti\u00f3n, tambi\u00e9n favorecen la sostenibilidad y constancia de las iniciativas art\u00edsticas de los participantes. Desde su primera edici\u00f3n en 2017, las acciones pedag\u00f3gicas se llevaron a cabo de manera presencial para 118 artistas y 40 grupos del interior de S\u00e3o Paulo que, mediante el abordaje pr\u00e1ctico del contenido pedag\u00f3gico, hicieron realidad proyectos culturales de exposiciones art\u00edsticas, cortometrajes, exhibiciones de fotos y presentaciones de espect\u00e1culos teatrales, multiplicando los impactos de la Incubadora en las regiones por donde pas\u00f3.<\/span><\/div><\/div><\/div><\/div><\/div><\/div><\/div>\n\t\t\t<\/div> \n\t\t<\/div>\n\t<\/div> \n<\/div><\/div>","protected":false},"excerpt":{"rendered":"Incubadora de Grupos Art\u00edsticos \u00e9 um projeto amplo de Forma\u00e7\u00e3o, Capacita\u00e7\u00e3o e Consultoria em Gest\u00e3o Cultural, direcionado a artistas de todas as linguagens, de coletivos ou em carreira solo. Esse...","protected":false},"author":1,"featured_media":0,"parent":0,"menu_order":0,"comment_status":"closed","ping_status":"closed","template":"","meta":{"footnotes":""},"class_list":["post-37","page","type-page","status-publish"],"_links":{"self":[{"href":"https:\/\/osgeraldos.com.br\/es\/wp-json\/wp\/v2\/pages\/37","targetHints":{"allow":["GET"]}}],"collection":[{"href":"https:\/\/osgeraldos.com.br\/es\/wp-json\/wp\/v2\/pages"}],"about":[{"href":"https:\/\/osgeraldos.com.br\/es\/wp-json\/wp\/v2\/types\/page"}],"author":[{"embeddable":true,"href":"https:\/\/osgeraldos.com.br\/es\/wp-json\/wp\/v2\/users\/1"}],"replies":[{"embeddable":true,"href":"https:\/\/osgeraldos.com.br\/es\/wp-json\/wp\/v2\/comments?post=37"}],"version-history":[{"count":25,"href":"https:\/\/osgeraldos.com.br\/es\/wp-json\/wp\/v2\/pages\/37\/revisions"}],"predecessor-version":[{"id":734,"href":"https:\/\/osgeraldos.com.br\/es\/wp-json\/wp\/v2\/pages\/37\/revisions\/734"}],"wp:attachment":[{"href":"https:\/\/osgeraldos.com.br\/es\/wp-json\/wp\/v2\/media?parent=37"}],"curies":[{"name":"wp","href":"https:\/\/api.w.org\/{rel}","templated":true}]}}