{"id":864,"date":"2024-12-12T19:06:24","date_gmt":"2024-12-12T19:06:24","guid":{"rendered":"https:\/\/osgeraldos.com.br\/?page_id=864"},"modified":"2026-04-03T20:58:56","modified_gmt":"2026-04-03T20:58:56","slug":"transparencia","status":"publish","type":"page","link":"https:\/\/osgeraldos.com.br\/en\/transparencia\/","title":{"rendered":"Transpar\u00eancia"},"content":{"rendered":"<div id=\"fws_69ea3fcc12443\"  data-column-margin=\"default\" data-midnight=\"dark\"  class=\"wpb_row vc_row-fluid vc_row full-width-section\"  style=\"padding-top: 0px; padding-bottom: 0px; \"><div class=\"row-bg-wrap\" data-bg-animation=\"none\" data-bg-overlay=\"false\"><div class=\"inner-wrap\"><div class=\"row-bg viewport-desktop using-bg-color\"  style=\"background-color: #ffffff; \"><\/div><\/div><\/div><div class=\"row_col_wrap_12 col span_12 dark center\">\n\t<div  class=\"vc_col-sm-12 wpb_column column_container vc_column_container col padding-3-percent inherit_tablet inherit_phone\"  data-padding-pos=\"all\" data-has-bg-color=\"false\" data-bg-color=\"\" data-bg-opacity=\"0.1\" data-animation=\"\" data-delay=\"0\" >\n\t\t<div class=\"vc_column-inner\" >\n\t\t\t<div class=\"wpb_wrapper\">\n\t\t\t\t<div class=\"nectar-split-heading\" data-align=\"default\" data-m-align=\"inherit\" data-text-effect=\"default\" data-animation-type=\"line-reveal-by-space\" data-animation-delay=\"0\" data-animation-offset=\"\" data-m-rm-animation=\"\" data-stagger=\"\" data-custom-font-size=\"false\" ><h1 >Voc\u00ea sabia que as emendas parlamentares t\u00eam um papel essencial no fortalecimento da cultura em nossas cidades?<\/h1><\/div><div class=\"col span_12 section-title text-align-center extra-padding\"><h2>\n<h4>Esses recursos, destinados por vereadores, deputados estaduais e federais, permitem que iniciativas culturais alcancem mais pessoas, promovendo o acesso \u00e0 arte e \u00e0 cultura de forma democr\u00e1tica e inclusiva. Para o Teatro de Arte e Of\u00edcio (TAO), as emendas representam uma ponte entre o poder p\u00fablico e a comunidade, viabilizando apresenta\u00e7\u00f5es gratuitas, oficinas e a\u00e7\u00f5es educativas que transformam vidas por meio da arte.<\/h4>\n<h4>Desde 2024, o TAO tem orgulho de contar com o apoio de parlamentares comprometidos com a cultura e de compartilhar com transpar\u00eancia os projetos realizados gra\u00e7as a essas parcerias.<\/h4>\n<\/h2><\/div><div class=\"clear\"><\/div>\n\t\t\t<\/div> \n\t\t<\/div>\n\t<\/div> \n<\/div><\/div>\n\t\t<div id=\"fws_69ea3fcc1267d\"  data-column-margin=\"default\" data-midnight=\"light\"  class=\"wpb_row vc_row-fluid vc_row full-width-content vc_row-o-full-height vc_row-o-columns-stretch vc_row-o-equal-height vc_row-flex vc_row-o-content-middle\"  style=\"padding-top: 0px; padding-bottom: 0px; \"><div class=\"row-bg-wrap\" data-bg-animation=\"none\" data-bg-overlay=\"false\"><div class=\"inner-wrap\"><div class=\"row-bg viewport-desktop using-bg-color\"  style=\"background-color: #eb443a; \"><\/div><\/div><\/div><div class=\"row_col_wrap_12 col span_12 light left\">\n\t<div  class=\"vc_col-sm-6 wpb_column column_container vc_column_container col padding-10-percent inherit_tablet inherit_phone\"  data-padding-pos=\"all\" data-has-bg-color=\"false\" data-bg-color=\"\" data-bg-opacity=\"1\" data-animation=\"\" data-delay=\"0\" >\n\t\t<div class=\"vc_column-inner\" >\n\t\t\t<div class=\"wpb_wrapper\">\n\t\t\t\t<div class=\"nectar-split-heading\" data-align=\"default\" data-m-align=\"inherit\" data-text-effect=\"default\" data-animation-type=\"default\" data-animation-delay=\"0\" data-animation-offset=\"\" data-m-rm-animation=\"\" data-stagger=\"\" data-custom-font-size=\"false\" ><div class=\"heading-line\" > <div><h2 style=\"text-align: center;\">Projetos Realizados e em Execu\u00e7\u00e3o:<\/h2> <\/div> <\/div><\/div><div id=\"fws_69ea3fcc1274c\" data-midnight=\"\" data-column-margin=\"default\" class=\"wpb_row vc_row-fluid vc_row inner_row  vc_custom_1734037236219\"  style=\"\"><div class=\"row-bg-wrap\"> <div class=\"row-bg\" ><\/div> <\/div><div class=\"row_col_wrap_12_inner col span_12  left\">\n\t<div style=\"\" class=\"vc_col-sm-12 wpb_column column_container vc_column_container col child_column centered-text no-extra-padding inherit_tablet inherit_phone\"  data-using-bg=\"true\" data-padding-pos=\"all\" data-has-bg-color=\"true\" data-bg-color=\"rgba(0,0,0,0.01)\" data-bg-opacity=\"0.1\" data-hover-bg=\"rgba(0,0,0,0.01)\" data-hover-bg-opacity=\"0.1\" data-animation=\"\" data-delay=\"200\" >\n\t\t<div class=\"vc_column-inner\" ><div class=\"column-bg-overlay-wrap column-bg-layer\" data-bg-animation=\"none\"><div class=\"column-bg-overlay\" style=\"opacity: 0.1; background-color: rgba(0,0,0,0.01);\"><\/div><\/div>\n\t\t<div class=\"wpb_wrapper\">\n\t\t\t<div class=\"nectar-split-heading\" data-align=\"default\" data-m-align=\"inherit\" data-text-effect=\"default\" data-animation-type=\"default\" data-animation-delay=\"0\" data-animation-offset=\"\" data-m-rm-animation=\"\" data-stagger=\"\" data-custom-font-size=\"false\" ><div class=\"heading-line\" > <div><h4 style=\"text-align: center;\"><strong>Com o apoio das emendas parlamentares, o TAO realizou e est\u00e1 desenvolvendo os seguintes projetos desde 2024:<\/strong><\/h4> <\/div> <\/div><div class=\"heading-line\" > <div><h5><\/h5> <\/div> <\/div><div class=\"heading-line\" > <div><p>&nbsp;<\/p> <\/div> <\/div><div class=\"heading-line\" > <div><h5 style=\"text-align: left;\">Em cumprimento \u00e0 decis\u00e3o do STF no \u00e2mbito da ADPF 854\/DF de 2024 que trata do atendimento dos crit\u00e9rios adicionais de transpar\u00eancia no que se refere \u00e0 execu\u00e7\u00e3o de projetos oriundos de emendas parlamentares, informamos que a Associa\u00e7\u00e3o Cultura: CENTRO CULTURAL TEATRO DE ARTE E OFICIO recebeu recurso oriundo das esferas municipais no per\u00edodo de 2024<\/h5> <\/div> <\/div><div class=\"heading-line\" > <div><p style=\"text-align: left;\"> <\/div> <\/div><div class=\"heading-line\" > <div><p>&nbsp;<\/p> <\/div> <\/div><div class=\"heading-line\" > <div><h5 style=\"text-align: left;\">\u2705 2 apresenta\u00e7\u00f5es do espet\u00e1culo \u201cPararaTimBum\u201d realizadas no TAO, com o apoio do Vereador Gustavo Petta (PCdoB) e uma emenda municipal no valor de R$ 35.000,00.<\/h5> <\/div> <\/div><div class=\"heading-line\" > <div><p style=\"text-align: left;\"> <\/div> <\/div><div class=\"heading-line\" > <div><p style=\"text-align: left;\"> <\/div> <\/div><div class=\"heading-line\" > <div><p>&nbsp;<\/p> <\/div> <\/div><div class=\"heading-line\" > <div><h5 style=\"text-align: left;\">\u2705 1 apresenta\u00e7\u00e3o do Pocket Show \u201cVaria\u00e7\u00f5es (Saudade)\u201d, viabilizada pela Vereadora Guida Calixto (PT) com uma emenda municipal de R$ 9.000,00.<\/h5> <\/div> <\/div><div class=\"heading-line\" > <div><p style=\"text-align: left;\"> <\/div> <\/div><div class=\"heading-line\" > <div><p>&nbsp;<\/p> <\/div> <\/div><div class=\"heading-line\" > <div><p style=\"text-align: center;\"><strong>Emendas Federais:<\/strong><\/p> <\/div> <\/div><div class=\"heading-line\" > <div><p style=\"text-align: left;\"> <\/div> <\/div><div class=\"heading-line\" > <div><p>&nbsp;<\/p> <\/div> <\/div><div class=\"heading-line\" > <div><h5 style=\"text-align: left;\">\u2705 Mostra Geral do Teatro (2025) e TransForma\u00e7\u00f5es &#8211; do aprendizado ao of\u00edcio viabilizado pelo deputado Carlos Sampaio com a Emenda Federal de R$ 200.000,00.<\/h5> <\/div> <\/div><div class=\"heading-line\" > <div><h5 style=\"text-align: left;\"><\/h5> <\/div> <\/div><div class=\"heading-line\" > <div><p>&nbsp;<\/p> <\/div> <\/div><div class=\"heading-line\" > <div><h5 style=\"text-align: left;\">\u2705 TransForma\u00e7\u00f5es &#8211; do aprendizado ao of\u00edcio (2025) viabilizado pelo deputado Jilmar Tatto com a emenda Federal de 300.000,00.<\/h5> <\/div> <\/div><\/div>\n\t\t<\/div> \n\t<\/div>\n\t<\/div> \n<\/div><\/div>\n\t\t\t<\/div> \n\t\t<\/div>\n\t<\/div> \n\n\t<div  class=\"vc_col-sm-6 wpb_column column_container vc_column_container col has-animation no-extra-padding column_position_static left_margin_0px inherit_tablet inherit_phone\"  data-border-animation=\"\" data-border-animation-delay=\"\" data-border-width=\"7px\" data-border-style=\"solid\" data-border-color=\"\" data-padding-pos=\"all\" data-has-bg-color=\"false\" data-bg-color=\"\" data-bg-opacity=\"1\" data-animation=\"fade-in-from-left\" data-delay=\"300\" >\n\t\t<div class=\"vc_column-inner\" style=\"border: 7px solid rgba(255,255,255,0); \"><span class=\"border-wrap\" style=\"border-color: ;\"><span class=\"border-top\"><\/span><span class=\"border-right\"><\/span><span class=\"border-bottom\"><\/span><span class=\"border-left\"><\/span><\/span>\n\t\t\t<div class=\"wpb_wrapper\">\n\t\t\t\t<div class=\"img-with-aniamtion-wrap  custom-size\" data-max-width=\"100%\" data-max-width-mobile=\"default\" data-shadow=\"none\" data-animation=\"fade-in\" >\n      <div class=\"inner\">\n        <div class=\"hover-wrap\"> \n          <div class=\"hover-wrap-inner\">\n            <img fetchpriority=\"high\" decoding=\"async\" class=\"img-with-animation skip-lazy\" data-delay=\"0\" height=\"800\" width=\"800\" data-animation=\"fade-in\" src=\"https:\/\/osgeraldos.com.br\/wp-content\/uploads\/2024\/12\/CH2A7007-800x800.jpg\" alt=\"\" srcset=\"https:\/\/osgeraldos.com.br\/wp-content\/uploads\/2024\/12\/CH2A7007-800x800.jpg 800w, https:\/\/osgeraldos.com.br\/wp-content\/uploads\/2024\/12\/CH2A7007-150x150.jpg 150w, https:\/\/osgeraldos.com.br\/wp-content\/uploads\/2024\/12\/CH2A7007-100x100.jpg 100w, https:\/\/osgeraldos.com.br\/wp-content\/uploads\/2024\/12\/CH2A7007-140x140.jpg 140w, https:\/\/osgeraldos.com.br\/wp-content\/uploads\/2024\/12\/CH2A7007-500x500.jpg 500w, https:\/\/osgeraldos.com.br\/wp-content\/uploads\/2024\/12\/CH2A7007-350x350.jpg 350w, https:\/\/osgeraldos.com.br\/wp-content\/uploads\/2024\/12\/CH2A7007-1000x1000.jpg 1000w\" sizes=\"(max-width: 800px) 100vw, 800px\" \/>\n          <\/div>\n        <\/div>\n      <\/div>\n    <\/div>\n\t\t\t<\/div> \n\t\t<\/div>\n\t<\/div> \n<\/div><\/div>\n\t\t<div id=\"fws_69ea3fcc12b27\"  data-column-margin=\"default\" data-midnight=\"dark\"  class=\"wpb_row vc_row-fluid vc_row vc_row-o-equal-height vc_row-flex\"  style=\"padding-top: 0px; padding-bottom: 0px; \"><div class=\"row-bg-wrap\" data-bg-animation=\"none\" data-bg-overlay=\"false\"><div class=\"inner-wrap\"><div class=\"row-bg viewport-desktop\"  style=\"\"><\/div><\/div><\/div><div class=\"row_col_wrap_12 col span_12 dark left\">\n\t<div style=\"\" class=\"vc_col-sm-12 wpb_column column_container vc_column_container col centered-text nectar-sticky-column padding-3-percent el_spacing_5px inherit_tablet inherit_phone\" data-using-bg=\"true\" data-shadow=\"small_depth\" data-padding-pos=\"all\" data-has-bg-color=\"true\" data-bg-color=\"#ffffff\" data-bg-opacity=\"1\" data-hover-bg=\"#ffffff\" data-hover-bg-opacity=\"1\" data-animation=\"\" data-delay=\"0\" >\n\t\t<div class=\"vc_column-inner\" ><div class=\"column-bg-overlay-wrap column-bg-layer\" data-bg-animation=\"none\"><div class=\"column-bg-overlay\" style=\"opacity: 1; background-color: #ffffff;\"><\/div><\/div>\n\t\t\t<div class=\"wpb_wrapper\">\n\t\t\t\t<div class=\"divider-wrap\" data-alignment=\"default\"><div style=\"height: 30px;\" class=\"divider\"><\/div><\/div><div class=\"nectar-split-heading\" data-align=\"center\" data-m-align=\"inherit\" data-text-effect=\"default\" data-animation-type=\"line-reveal-by-space\" data-animation-delay=\"0\" data-animation-offset=\"\" data-m-rm-animation=\"\" data-stagger=\"\" data-custom-font-size=\"false\" ><h2 style=\"max-width: 550px;\">PROJETOS EXECUTADOS EM 2024:<\/h2><\/div><div class=\"img-with-aniamtion-wrap  right_position_desktop_0px left_position_desktop_0px translate_x_desktop_0px\" data-max-width=\"100%\" data-max-width-mobile=\"default\" data-shadow=\"none\" data-animation=\"fade-in\" >\n      <div class=\"inner\">\n        <div class=\"hover-wrap\"> \n          <div class=\"hover-wrap-inner\">\n            <img decoding=\"async\" class=\"img-with-animation skip-lazy\" data-delay=\"0\" height=\"3375\" width=\"10036\" data-animation=\"fade-in\" src=\"https:\/\/osgeraldos.com.br\/wp-content\/uploads\/2024\/12\/Carrossel-Emendas-1.png\" alt=\"\" srcset=\"https:\/\/osgeraldos.com.br\/wp-content\/uploads\/2024\/12\/Carrossel-Emendas-1.png 10036w, https:\/\/osgeraldos.com.br\/wp-content\/uploads\/2024\/12\/Carrossel-Emendas-1-300x101.png 300w, https:\/\/osgeraldos.com.br\/wp-content\/uploads\/2024\/12\/Carrossel-Emendas-1-1024x344.png 1024w, https:\/\/osgeraldos.com.br\/wp-content\/uploads\/2024\/12\/Carrossel-Emendas-1-768x258.png 768w, https:\/\/osgeraldos.com.br\/wp-content\/uploads\/2024\/12\/Carrossel-Emendas-1-1536x517.png 1536w, https:\/\/osgeraldos.com.br\/wp-content\/uploads\/2024\/12\/Carrossel-Emendas-1-2048x689.png 2048w, https:\/\/osgeraldos.com.br\/wp-content\/uploads\/2024\/12\/Carrossel-Emendas-1-18x6.png 18w\" sizes=\"(max-width: 10036px) 100vw, 10036px\" \/>\n          <\/div>\n        <\/div>\n      <\/div>\n    <\/div><div class=\"nectar-split-heading\" data-align=\"default\" data-m-align=\"inherit\" data-text-effect=\"default\" data-animation-type=\"line-reveal-by-space\" data-animation-delay=\"0\" data-animation-offset=\"\" data-m-rm-animation=\"\" data-stagger=\"\" data-custom-font-size=\"false\" ><h1 >PROJETOS EXECUTADOS EM 2025<\/h1><\/div>\n\t\t\t<\/div> \n\t\t<\/div>\n\t<\/div> \n<\/div><\/div>\n\t\t<div id=\"fws_69ea3fcc12de7\"  data-column-margin=\"default\" data-midnight=\"dark\"  class=\"wpb_row vc_row-fluid vc_row\"  style=\"padding-top: 0px; padding-bottom: 0px; \"><div class=\"row-bg-wrap\" data-bg-animation=\"none\" data-bg-overlay=\"false\"><div class=\"inner-wrap\"><div class=\"row-bg viewport-desktop\"  style=\"\"><\/div><\/div><\/div><div class=\"row_col_wrap_12 col span_12 dark left\">\n\t<div  class=\"vc_col-sm-12 wpb_column column_container vc_column_container col no-extra-padding inherit_tablet inherit_phone\"  data-padding-pos=\"all\" data-has-bg-color=\"false\" data-bg-color=\"\" data-bg-opacity=\"1\" data-animation=\"\" data-delay=\"0\" >\n\t\t<div class=\"vc_column-inner\" >\n\t\t\t<div class=\"wpb_wrapper\">\n\t\t\t\t<div class=\"img-with-aniamtion-wrap\" data-max-width=\"100%\" data-max-width-mobile=\"default\" data-shadow=\"none\" data-animation=\"fade-in\" >\n      <div class=\"inner\">\n        <div class=\"hover-wrap\"> \n          <div class=\"hover-wrap-inner\">\n            <img decoding=\"async\" class=\"img-with-animation skip-lazy\" data-delay=\"0\" height=\"427\" width=\"2560\" data-animation=\"fade-in\" src=\"https:\/\/osgeraldos.com.br\/wp-content\/uploads\/2026\/04\/Carrossel-Emendas-scaled.png\" alt=\"\" srcset=\"https:\/\/osgeraldos.com.br\/wp-content\/uploads\/2026\/04\/Carrossel-Emendas-scaled.png 2560w, https:\/\/osgeraldos.com.br\/wp-content\/uploads\/2026\/04\/Carrossel-Emendas-300x50.png 300w, https:\/\/osgeraldos.com.br\/wp-content\/uploads\/2026\/04\/Carrossel-Emendas-1024x171.png 1024w, https:\/\/osgeraldos.com.br\/wp-content\/uploads\/2026\/04\/Carrossel-Emendas-768x128.png 768w, https:\/\/osgeraldos.com.br\/wp-content\/uploads\/2026\/04\/Carrossel-Emendas-1536x256.png 1536w, https:\/\/osgeraldos.com.br\/wp-content\/uploads\/2026\/04\/Carrossel-Emendas-2048x341.png 2048w, https:\/\/osgeraldos.com.br\/wp-content\/uploads\/2026\/04\/Carrossel-Emendas-18x3.png 18w\" sizes=\"(max-width: 2560px) 100vw, 2560px\" \/>\n          <\/div>\n        <\/div>\n      <\/div>\n    <\/div><div class=\"img-with-aniamtion-wrap\" data-max-width=\"100%\" data-max-width-mobile=\"default\" data-shadow=\"none\" data-animation=\"fade-in\" >\n      <div class=\"inner\">\n        <div class=\"hover-wrap\"> \n          <div class=\"hover-wrap-inner\">\n            <img loading=\"lazy\" decoding=\"async\" class=\"img-with-animation skip-lazy\" data-delay=\"0\" height=\"427\" width=\"2560\" data-animation=\"fade-in\" src=\"https:\/\/osgeraldos.com.br\/wp-content\/uploads\/2026\/04\/Carrossel-Emendas-2-scaled.png\" alt=\"\" srcset=\"https:\/\/osgeraldos.com.br\/wp-content\/uploads\/2026\/04\/Carrossel-Emendas-2-scaled.png 2560w, https:\/\/osgeraldos.com.br\/wp-content\/uploads\/2026\/04\/Carrossel-Emendas-2-300x50.png 300w, https:\/\/osgeraldos.com.br\/wp-content\/uploads\/2026\/04\/Carrossel-Emendas-2-1024x171.png 1024w, https:\/\/osgeraldos.com.br\/wp-content\/uploads\/2026\/04\/Carrossel-Emendas-2-768x128.png 768w, https:\/\/osgeraldos.com.br\/wp-content\/uploads\/2026\/04\/Carrossel-Emendas-2-1536x256.png 1536w, https:\/\/osgeraldos.com.br\/wp-content\/uploads\/2026\/04\/Carrossel-Emendas-2-2048x341.png 2048w, https:\/\/osgeraldos.com.br\/wp-content\/uploads\/2026\/04\/Carrossel-Emendas-2-18x3.png 18w\" sizes=\"(max-width: 2560px) 100vw, 2560px\" \/>\n          <\/div>\n        <\/div>\n      <\/div>\n    <\/div>\n\t\t\t<\/div> \n\t\t<\/div>\n\t<\/div> \n<\/div><\/div>","protected":false},"excerpt":{"rendered":"Voc\u00ea sabia que as emendas parlamentares t\u00eam um papel essencial no fortalecimento da cultura em nossas cidades? Esses recursos, destinados por vereadores, deputados estaduais e federais, permitem que iniciativas culturais...","protected":false},"author":1,"featured_media":0,"parent":0,"menu_order":0,"comment_status":"closed","ping_status":"closed","template":"","meta":{"footnotes":""},"class_list":["post-864","page","type-page","status-publish"],"_links":{"self":[{"href":"https:\/\/osgeraldos.com.br\/en\/wp-json\/wp\/v2\/pages\/864","targetHints":{"allow":["GET"]}}],"collection":[{"href":"https:\/\/osgeraldos.com.br\/en\/wp-json\/wp\/v2\/pages"}],"about":[{"href":"https:\/\/osgeraldos.com.br\/en\/wp-json\/wp\/v2\/types\/page"}],"author":[{"embeddable":true,"href":"https:\/\/osgeraldos.com.br\/en\/wp-json\/wp\/v2\/users\/1"}],"replies":[{"embeddable":true,"href":"https:\/\/osgeraldos.com.br\/en\/wp-json\/wp\/v2\/comments?post=864"}],"version-history":[{"count":17,"href":"https:\/\/osgeraldos.com.br\/en\/wp-json\/wp\/v2\/pages\/864\/revisions"}],"predecessor-version":[{"id":905,"href":"https:\/\/osgeraldos.com.br\/en\/wp-json\/wp\/v2\/pages\/864\/revisions\/905"}],"wp:attachment":[{"href":"https:\/\/osgeraldos.com.br\/en\/wp-json\/wp\/v2\/media?parent=864"}],"curies":[{"name":"wp","href":"https:\/\/api.w.org\/{rel}","templated":true}]}}