{"id":49,"date":"2022-03-25T01:02:59","date_gmt":"2022-03-25T01:02:59","guid":{"rendered":"https:\/\/osgeraldos.com.br\/?page_id=49"},"modified":"2023-12-30T21:47:54","modified_gmt":"2023-12-30T21:47:54","slug":"espetaculos","status":"publish","type":"page","link":"https:\/\/osgeraldos.com.br\/en\/espetaculos\/","title":{"rendered":"Shows"},"content":{"rendered":"<div id=\"fws_69ea35500f6f3\"  data-column-margin=\"default\" data-midnight=\"dark\" data-top-percent=\"5%\" data-bottom-percent=\"5%\"  class=\"wpb_row vc_row-fluid vc_row full-width-content vc_row-o-equal-height vc_row-flex vc_row-o-content-top  nectar-overflow-hidden\"  style=\"padding-top: calc(100vw * 0.05); padding-bottom: calc(100vw * 0.05); \"><div class=\"row-bg-wrap\" data-bg-animation=\"none\" data-bg-overlay=\"false\"><div class=\"inner-wrap\"><div class=\"row-bg viewport-desktop\"  style=\"\"><\/div><\/div><\/div><div class=\"row_col_wrap_12 col span_12 dark left\">\n\t<div  class=\"vc_col-sm-12 wpb_column column_container vc_column_container col no-extra-padding el_spacing_0px inherit_tablet inherit_phone\"  data-padding-pos=\"all\" data-has-bg-color=\"false\" data-bg-color=\"\" data-bg-opacity=\"1\" data-animation=\"\" data-delay=\"0\" >\n\t\t<div class=\"vc_column-inner\" >\n\t\t\t<div class=\"wpb_wrapper\">\n\t\t\t\t<div id=\"fws_69ea35500f842\" data-midnight=\"\" data-column-margin=\"none\" class=\"wpb_row vc_row-fluid vc_row inner_row\"  style=\" z-index: 100;\"><div class=\"row-bg-wrap\"> <div class=\"row-bg\" ><\/div> <\/div><div class=\"row_col_wrap_12_inner col span_12  left\">\n\t<div  class=\"vc_col-sm-12 wpb_column column_container vc_column_container col child_column no-extra-padding inherit_tablet inherit_phone\"   data-padding-pos=\"all\" data-has-bg-color=\"false\" data-bg-color=\"\" data-bg-opacity=\"1\" data-animation=\"\" data-delay=\"0\" data-scroll-animation=\"true\" data-scroll-animation-movement=\"transform_x\" data-scroll-animation-mobile=\"true\" data-scroll-animation-intensity=\"3.5\" >\n\t\t<div class=\"vc_column-inner\" >\n\t\t<div class=\"wpb_wrapper\">\n\t\t\t<div class=\"nectar-scrolling-text font_size_11vw font_size_mobile_15vw\" data-style=\"text_outline\" data-s-dir=\"ltr\" data-spacing=\"false\" data-outline-thickness=\"ultra-thin\" data-s-speed=\"slowest\" data-overflow=\"visible\" ><div class=\"nectar-scrolling-text-inner\" style=\"color: #eeddbe;\">\n<h1>shows on display <em>shows on display<\/em><span>&nbsp;<\/span><\/h1>\n\n<h1>shows on display <em>shows on display<\/em><span>&nbsp;<\/span><\/h1>\n\n<h1>shows on display <em>shows on display<\/em><span>&nbsp;<\/span><\/h1>\n\n<h1>shows on display <em>shows on display<\/em><span>&nbsp;<\/span><\/h1>\n\n<h1>shows on display <em>shows on display<\/em><span>&nbsp;<\/span><\/h1>\n<\/div><\/div>\n\t\t<\/div> \n\t<\/div>\n\t<\/div> \n<\/div><\/div>\n\t\t\t<\/div> \n\t\t<\/div>\n\t<\/div> \n<\/div><\/div>\n\t\t<div id=\"fws_69ea35500f965\"  data-column-margin=\"default\" data-midnight=\"dark\"  class=\"wpb_row vc_row-fluid vc_row full-width-content vc_row-o-equal-height vc_row-flex vc_row-o-content-top\"  style=\"padding-top: 0px; padding-bottom: 0px; \"><div class=\"row-bg-wrap\" data-bg-animation=\"none\" data-bg-overlay=\"false\"><div class=\"inner-wrap\"><div class=\"row-bg viewport-desktop\"  style=\"\"><\/div><\/div><\/div><div class=\"row_col_wrap_12 col span_12 dark left\">\n\t<div  class=\"vc_col-sm-12 wpb_column column_container vc_column_container col no-extra-padding inherit_tablet inherit_phone\"  data-padding-pos=\"all\" data-has-bg-color=\"false\" data-bg-color=\"\" data-bg-opacity=\"1\" data-animation=\"\" data-delay=\"0\" >\n\t\t<div class=\"vc_column-inner\" >\n\t\t\t<div class=\"wpb_wrapper\">\n\t\t\t\t<div class='nectar-post-grid-wrap text-color-light spacing-15px' data-el-settings='{\"post_type\":\"post\",\"pagination\":\"none\",\"image_size\":\"large\",\"aspect_ratio_image_size\":\"\",\"display_categories\":\"0\",\"display_excerpt\":\"0\",\"display_date\":\"0\",\"color_overlay\":\"\",\"color_overlay_opacity\":\"0\",\"color_overlay_hover_opacity\":\"0\",\"card_bg_color\":\"\",\"grid_style\":\"content_overlaid\",\"hover_effect\":\"slow_zoom\",\"post_title_overlay\":\"\",\"heading_tag\":\"default\",\"enable_gallery_lightbox\":\"0\",\"overlay_secondary_project_image\":\"\",\"vertical_list_hover_effect\":\"none\",\"vertical_list_read_more\":\"\"}' data-style='content_overlaid' data-query='{\"post_type\":\"post\",\"posts_per_page\":\"2\",\"order\":\"DESC\",\"orderby\":\"date\",\"offset\":\"0\",\"cpt_name\":\"post\",\"custom_query_tax\":\"\",\"ignore_sticky_posts\":\"\"}' data-load-more-color='black' data-load-more-text='Load More'><div class=\"nectar-post-grid-filters\" data-active-color=\"default\" data-align=\"default\" data-animation=\"none\" data-sortable=\"\"><h4>Filter<\/h4><div><a href=\"#\" data-filter=\"espetaculo\" data-total-count=\"10\">Show<\/a><\/div><\/div><div class=\"nectar-post-grid font_size_50px text-opacity-1 text-opacity-hover-1 featured-first-item category-position-after-title\" data-indicator=\"yes\" data-indicator-style=\"default\" data-indicator-text-color=\"#fff\" data-indicator-color=\"#000000\" data-indicator-text=\"Ver mais\" data-columns=\"1\" data-hover-effect=\"slow_zoom\" data-text-style=\"default\" data-border-radius=\"5px\" data-grid-item-height=\"75vh\" data-grid-spacing=\"15px\" data-text-layout=\"all_bottom_left_shadow\" data-text-color=\"light\" data-text-hover-color=\"light\" data-shadow-hover=\"yes\" data-masonry=\"false\" data-animation=\"none\" data-cat-click=\"default\"><div class=\"nectar-post-grid-item\" data-has-img=\"true\"> <div class=\"inner\"><div class=\"nectar-post-grid-item-bg\" data-nectar-img-src=\"https:\/\/osgeraldos.com.br\/wp-content\/uploads\/2023\/12\/Os-Geraldos-PararaTimBum-042-1024x684.jpg\"><\/div><div class=\"bg-overlay\"  data-opacity=\"0\" data-hover-opacity=\"0\"><\/div><div class=\"content\"><a class=\"nectar-post-grid-link\" href=\"https:\/\/osgeraldos.com.br\/en\/pararatimbum-um-reino-pela-musica\/\" aria-label=\"Parar\u00e1 &#8211; Um Reino pela M\u00fasica\"><\/a><div class=\"item-main\"><h3 class=\"post-heading\"><a href=\"https:\/\/osgeraldos.com.br\/en\/pararatimbum-um-reino-pela-musica\/\"><span>Parar\u00e1 &#8211; Um Reino pela M\u00fasica<\/span><\/a><\/h3><\/div><\/div><\/div><\/div><div class=\"nectar-post-grid-item\" data-has-img=\"true\"> <div class=\"inner\"><div class=\"nectar-post-grid-item-bg\" data-nectar-img-src=\"https:\/\/osgeraldos.com.br\/wp-content\/uploads\/2022\/10\/6.-Conspiracao-1024x684.jpg\"><\/div><div class=\"bg-overlay\"  data-opacity=\"0\" data-hover-opacity=\"0\"><\/div><div class=\"content\"><a class=\"nectar-post-grid-link\" href=\"https:\/\/osgeraldos.com.br\/en\/ubu-rei\/\" aria-label=\"UBU ROI\"><\/a><div class=\"item-main\"><h3 class=\"post-heading\"><a href=\"https:\/\/osgeraldos.com.br\/en\/ubu-rei\/\"><span>UBU ROI<\/span><\/a><\/h3><\/div><\/div><\/div><\/div><\/div><\/div>\n\t\t\t<\/div> \n\t\t<\/div>\n\t<\/div> \n<\/div><\/div>\n\t\t<div id=\"fws_69ea355010bd1\"  data-column-margin=\"default\" data-midnight=\"light\" data-bottom-percent=\"5%\"  class=\"wpb_row vc_row-fluid vc_row full-width-content vc_row-o-equal-height vc_row-flex vc_row-o-content-top\"  style=\"padding-top: 0px; padding-bottom: calc(100vw * 0.05); \"><div class=\"row-bg-wrap\" data-bg-animation=\"none\" data-bg-overlay=\"false\"><div class=\"inner-wrap\"><div class=\"row-bg viewport-desktop\"  style=\"\"><\/div><\/div><\/div><div class=\"nectar-shape-divider-wrap\" style=\" height:80%;\" data-using-percent-val=\"true\" data-height=\"80%\" data-front=\"\" data-style=\"straight_section\" data-position=\"bottom\" ><svg class=\"nectar-shape-divider\" aria-hidden=\"true\" fill=\"#eb443a\" xmlns=\"http:\/\/www.w3.org\/2000\/svg\" viewbox=\"0 0 100 10\" preserveaspectratio=\"none\"> <polygon points=\"104 10, 104 0, 0 0, 0 10\"><\/polygon> <\/svg><\/div><div class=\"row_col_wrap_12 col span_12 light left\">\n\t<div style=\"\" class=\"vc_col-sm-12 wpb_column column_container vc_column_container col no-extra-padding inherit_tablet inherit_phone\" data-using-bg=\"true\" data-padding-pos=\"all\" data-has-bg-color=\"true\" data-bg-color=\"#aa311e\" data-bg-opacity=\"1\" data-animation=\"\" data-delay=\"0\" >\n\t\t<div class=\"vc_column-inner\" ><div class=\"column-bg-overlay-wrap column-bg-layer\" data-bg-animation=\"none\"><div class=\"column-bg-overlay\" style=\"opacity: 1; background-color: #aa311e;\"><\/div><\/div>\n\t\t\t<div class=\"wpb_wrapper\">\n\t\t\t\t<div class=\"divider-wrap\" data-alignment=\"default\"><div style=\"height: 20px;\" class=\"divider\"><\/div><\/div><div class=\"nectar-scrolling-text font_size_11vw font_size_mobile_15vw\" data-style=\"text_outline\" data-s-dir=\"ltr\" data-spacing=\"false\" data-outline-thickness=\"ultra-thin\" data-s-speed=\"slower\" data-overflow=\"visible\" ><div class=\"nectar-scrolling-text-inner\" style=\"color: #eeddbe;\">\n<h1><strong>previous shows <\/strong><em>previous shows<\/em><span>&nbsp;<\/span><\/h1>\n\n<h1><strong>previous shows <\/strong><em>previous shows<\/em><span>&nbsp;<\/span><\/h1>\n\n<h1><strong>previous shows <\/strong><em>previous shows<\/em><span>&nbsp;<\/span><\/h1>\n\n<h1><strong>previous shows <\/strong><em>previous shows<\/em><span>&nbsp;<\/span><\/h1>\n\n<h1><strong>previous shows <\/strong><em>previous shows<\/em><span>&nbsp;<\/span><\/h1>\n<\/div><\/div><div class=\"divider-wrap\" data-alignment=\"default\"><div style=\"height: 50px;\" class=\"divider\"><\/div><\/div><div class=\"nectar-recent-posts-slider_multiple_visible\" data-columns=\"4\" data-height=\"600\" data-shadow-hover-type=\"dark\" data-animate-in-effect=\"none\" data-remove-post-date=\"1\" data-remove-post-author=\"1\" data-remove-post-comment-number=\"1\" data-remove-post-nectar-love=\"1\"><div class=\"nectar-recent-posts-slider-inner\"><div class=\"flickity-viewport\"><div class=\"flickity-slider\">\n      \n      <div class=\"nectar-recent-post-slide  post-ref-0\">\n\n        <div class=\"nectar-recent-post-bg-wrap\"><div class=\"nectar-recent-post-bg\"  style=\"background-image: url(https:\/\/osgeraldos.com.br\/wp-content\/uploads\/2022\/03\/hayamor5.jpeg); \"> <\/div><\/div>\n        <div class=\"nectar-recent-post-bg-blur\"  style=\"background-image: url(https:\/\/osgeraldos.com.br\/wp-content\/uploads\/2022\/03\/hayamor5.jpeg);\"> <\/div>\n\n        <div class=\"recent-post-container container\"><div class=\"inner-wrap\"><span class=\"strong\"><a class=\"espetaculo\" href=\"https:\/\/osgeraldos.com.br\/en\/category\/espetaculo\/\"><span class=\"espetaculo\">Show<\/span><\/a><\/span>\n          <h3 class=\"post-ref-0\"><a href=\" https:\/\/osgeraldos.com.br\/en\/hay-amor-3\/\" class=\"full-slide-link\"> HAY AMOR! <\/a><\/h3>\n\n          \n                      <a class=\"nectar-button large regular  accent-color regular-button\" href=\"https:\/\/osgeraldos.com.br\/en\/hay-amor-3\/\" data-color-override=\"false\" data-hover-color-override=\"false\" data-hover-text-color-override=\"#fff\" ><span>Ver Mais <\/span><\/a>\n          \n        <\/div>\n\n      <\/div>\n\n\n      <\/div>\n\n    \n  \n      \n      <div class=\"nectar-recent-post-slide  post-ref-1\">\n\n        <div class=\"nectar-recent-post-bg-wrap\"><div class=\"nectar-recent-post-bg\"  style=\"background-image: url(https:\/\/osgeraldos.com.br\/wp-content\/uploads\/2022\/04\/Copia-de-Numeros.-Foto-ALice-Dalgalarrongo.-Ator-Douglas-Novais-800x800.jpg); \"> <\/div><\/div>\n        <div class=\"nectar-recent-post-bg-blur\"  style=\"background-image: url(https:\/\/osgeraldos.com.br\/wp-content\/uploads\/2022\/04\/Copia-de-Numeros.-Foto-ALice-Dalgalarrongo.-Ator-Douglas-Novais-800x800.jpg);\"> <\/div>\n\n        <div class=\"recent-post-container container\"><div class=\"inner-wrap\"><span class=\"strong\"><a class=\"espetaculo\" href=\"https:\/\/osgeraldos.com.br\/en\/category\/espetaculo\/\"><span class=\"espetaculo\">Show<\/span><\/a><\/span>\n          <h3 class=\"post-ref-1\"><a href=\" https:\/\/osgeraldos.com.br\/en\/espetaculo-1\/\" class=\"full-slide-link\"> NUMBERS <\/a><\/h3>\n\n          \n                      <a class=\"nectar-button large regular  accent-color regular-button\" href=\"https:\/\/osgeraldos.com.br\/en\/espetaculo-1\/\" data-color-override=\"false\" data-hover-color-override=\"false\" data-hover-text-color-override=\"#fff\" ><span>Ver Mais <\/span><\/a>\n          \n        <\/div>\n\n      <\/div>\n\n\n      <\/div>\n\n    \n  \n      \n      <div class=\"nectar-recent-post-slide  post-ref-2\">\n\n        <div class=\"nectar-recent-post-bg-wrap\"><div class=\"nectar-recent-post-bg\"  style=\"background-image: url(https:\/\/osgeraldos.com.br\/wp-content\/uploads\/2022\/03\/numeroscirco3-800x768.jpeg); \"> <\/div><\/div>\n        <div class=\"nectar-recent-post-bg-blur\"  style=\"background-image: url(https:\/\/osgeraldos.com.br\/wp-content\/uploads\/2022\/03\/numeroscirco3-800x768.jpeg);\"> <\/div>\n\n        <div class=\"recent-post-container container\"><div class=\"inner-wrap\"><span class=\"strong\"><a class=\"espetaculo\" href=\"https:\/\/osgeraldos.com.br\/en\/category\/espetaculo\/\"><span class=\"espetaculo\">Show<\/span><\/a><\/span>\n          <h3 class=\"post-ref-2\"><a href=\" https:\/\/osgeraldos.com.br\/en\/numeros-de-circo-um-espetaculo-para-criancas\/\" class=\"full-slide-link\"> CIRCUS NUMBERS - A SHOW FOR KIDS <\/a><\/h3>\n\n          \n                      <a class=\"nectar-button large regular  accent-color regular-button\" href=\"https:\/\/osgeraldos.com.br\/en\/numeros-de-circo-um-espetaculo-para-criancas\/\" data-color-override=\"false\" data-hover-color-override=\"false\" data-hover-text-color-override=\"#fff\" ><span>Ver Mais <\/span><\/a>\n          \n        <\/div>\n\n      <\/div>\n\n\n      <\/div>\n\n    \n  \n      \n      <div class=\"nectar-recent-post-slide  post-ref-3\">\n\n        <div class=\"nectar-recent-post-bg-wrap\"><div class=\"nectar-recent-post-bg\"  style=\"background-image: url(https:\/\/osgeraldos.com.br\/wp-content\/uploads\/2022\/03\/oultimosarau4-800x800.jpeg); \"> <\/div><\/div>\n        <div class=\"nectar-recent-post-bg-blur\"  style=\"background-image: url(https:\/\/osgeraldos.com.br\/wp-content\/uploads\/2022\/03\/oultimosarau4-800x800.jpeg);\"> <\/div>\n\n        <div class=\"recent-post-container container\"><div class=\"inner-wrap\"><span class=\"strong\"><a class=\"espetaculo\" href=\"https:\/\/osgeraldos.com.br\/en\/category\/espetaculo\/\"><span class=\"espetaculo\">Show<\/span><\/a><\/span>\n          <h3 class=\"post-ref-3\"><a href=\" https:\/\/osgeraldos.com.br\/en\/o-ultimo-sarau\/\" class=\"full-slide-link\"> THE LAST SOIREE - A PRESENT BODY PLAY <\/a><\/h3>\n\n          \n                      <a class=\"nectar-button large regular  accent-color regular-button\" href=\"https:\/\/osgeraldos.com.br\/en\/o-ultimo-sarau\/\" data-color-override=\"false\" data-hover-color-override=\"false\" data-hover-text-color-override=\"#fff\" ><span>Ver Mais <\/span><\/a>\n          \n        <\/div>\n\n      <\/div>\n\n\n      <\/div>\n\n    \n  \n      \n      <div class=\"nectar-recent-post-slide  post-ref-4\">\n\n        <div class=\"nectar-recent-post-bg-wrap\"><div class=\"nectar-recent-post-bg\"  style=\"background-image: url(https:\/\/osgeraldos.com.br\/wp-content\/uploads\/2022\/03\/odrama5-800x800.jpeg); \"> <\/div><\/div>\n        <div class=\"nectar-recent-post-bg-blur\"  style=\"background-image: url(https:\/\/osgeraldos.com.br\/wp-content\/uploads\/2022\/03\/odrama5-800x800.jpeg);\"> <\/div>\n\n        <div class=\"recent-post-container container\"><div class=\"inner-wrap\"><span class=\"strong\"><a class=\"espetaculo\" href=\"https:\/\/osgeraldos.com.br\/en\/category\/espetaculo\/\"><span class=\"espetaculo\">Show<\/span><\/a><\/span>\n          <h3 class=\"post-ref-4\"><a href=\" https:\/\/osgeraldos.com.br\/en\/espetaculo-modelo\/\" class=\"full-slide-link\"> THE DUEL AND OTHER STORIES BY ANTON TCHEKHOV <\/a><\/h3>\n\n          \n                      <a class=\"nectar-button large regular  accent-color regular-button\" href=\"https:\/\/osgeraldos.com.br\/en\/espetaculo-modelo\/\" data-color-override=\"false\" data-hover-color-override=\"false\" data-hover-text-color-override=\"#fff\" ><span>Ver Mais <\/span><\/a>\n          \n        <\/div>\n\n      <\/div>\n\n\n      <\/div>\n\n    \n  \n      \n      <div class=\"nectar-recent-post-slide  post-ref-5\">\n\n        <div class=\"nectar-recent-post-bg-wrap\"><div class=\"nectar-recent-post-bg\"  style=\"background-image: url(https:\/\/osgeraldos.com.br\/wp-content\/uploads\/2022\/03\/estrelasceu4-800x800.jpeg); \"> <\/div><\/div>\n        <div class=\"nectar-recent-post-bg-blur\"  style=\"background-image: url(https:\/\/osgeraldos.com.br\/wp-content\/uploads\/2022\/03\/estrelasceu4-800x800.jpeg);\"> <\/div>\n\n        <div class=\"recent-post-container container\"><div class=\"inner-wrap\"><span class=\"strong\"><a class=\"espetaculo\" href=\"https:\/\/osgeraldos.com.br\/en\/category\/espetaculo\/\"><span class=\"espetaculo\">Show<\/span><\/a><\/span>\n          <h3 class=\"post-ref-5\"><a href=\" https:\/\/osgeraldos.com.br\/en\/as-estrelas-do-ceu\/\" class=\"full-slide-link\"> THE STARS OF THE SKY <\/a><\/h3>\n\n          \n                      <a class=\"nectar-button large regular  accent-color regular-button\" href=\"https:\/\/osgeraldos.com.br\/en\/as-estrelas-do-ceu\/\" data-color-override=\"false\" data-hover-color-override=\"false\" data-hover-text-color-override=\"#fff\" ><span>Ver Mais <\/span><\/a>\n          \n        <\/div>\n\n      <\/div>\n\n\n      <\/div>\n\n    \n  \n      \n      <div class=\"nectar-recent-post-slide  post-ref-6\">\n\n        <div class=\"nectar-recent-post-bg-wrap\"><div class=\"nectar-recent-post-bg\"  style=\"background-image: url(https:\/\/osgeraldos.com.br\/wp-content\/uploads\/2022\/03\/rasto1-800x800.jpeg); \"> <\/div><\/div>\n        <div class=\"nectar-recent-post-bg-blur\"  style=\"background-image: url(https:\/\/osgeraldos.com.br\/wp-content\/uploads\/2022\/03\/rasto1-800x800.jpeg);\"> <\/div>\n\n        <div class=\"recent-post-container container\"><div class=\"inner-wrap\"><span class=\"strong\"><a class=\"espetaculo\" href=\"https:\/\/osgeraldos.com.br\/en\/category\/espetaculo\/\"><span class=\"espetaculo\">Show<\/span><\/a><\/span>\n          <h3 class=\"post-ref-6\"><a href=\" https:\/\/osgeraldos.com.br\/en\/espetaculo-5\/\" class=\"full-slide-link\"> DOUBLING BACK <\/a><\/h3>\n\n          \n                      <a class=\"nectar-button large regular  accent-color regular-button\" href=\"https:\/\/osgeraldos.com.br\/en\/espetaculo-5\/\" data-color-override=\"false\" data-hover-color-override=\"false\" data-hover-text-color-override=\"#fff\" ><span>Ver Mais <\/span><\/a>\n          \n        <\/div>\n\n      <\/div>\n\n\n      <\/div>\n\n    \n  \n      \n      <div class=\"nectar-recent-post-slide  post-ref-7\">\n\n        <div class=\"nectar-recent-post-bg-wrap\"><div class=\"nectar-recent-post-bg\"  style=\"background-image: url(https:\/\/osgeraldos.com.br\/wp-content\/uploads\/2022\/03\/cordel01-800x800.jpeg); \"> <\/div><\/div>\n        <div class=\"nectar-recent-post-bg-blur\"  style=\"background-image: url(https:\/\/osgeraldos.com.br\/wp-content\/uploads\/2022\/03\/cordel01-800x800.jpeg);\"> <\/div>\n\n        <div class=\"recent-post-container container\"><div class=\"inner-wrap\"><span class=\"strong\"><a class=\"espetaculo\" href=\"https:\/\/osgeraldos.com.br\/en\/category\/espetaculo\/\"><span class=\"espetaculo\">Show<\/span><\/a><\/span>\n          <h3 class=\"post-ref-7\"><a href=\" https:\/\/osgeraldos.com.br\/en\/cordel-do-amor-sem-fim\/\" class=\"full-slide-link\"> ENDLESS LOVE CORDEL - OR CHICO\u2019S FLOWER <\/a><\/h3>\n\n          \n                      <a class=\"nectar-button large regular  accent-color regular-button\" href=\"https:\/\/osgeraldos.com.br\/en\/cordel-do-amor-sem-fim\/\" data-color-override=\"false\" data-hover-color-override=\"false\" data-hover-text-color-override=\"#fff\" ><span>Ver Mais <\/span><\/a>\n          \n        <\/div>\n\n      <\/div>\n\n\n      <\/div>\n\n    \n  <\/div><\/div><\/div><\/div>\n\t\t\t<\/div> \n\t\t<\/div>\n\t<\/div> \n<\/div><\/div>\n\t\t<div id=\"fws_69ea355012662\"  data-column-margin=\"default\" data-midnight=\"light\" data-top-percent=\"13%\" data-bottom-percent=\"12%\"  data-bg-mobile-hidden=\"true\" class=\"wpb_row vc_row-fluid vc_row full-width-section parallax_section\"  style=\"padding-top: calc(100vw * 0.13); padding-bottom: calc(100vw * 0.12); \"><div class=\"row-bg-wrap\" data-bg-animation=\"none\" data-bg-overlay=\"true\"><div class=\"inner-wrap using-image\"><div class=\"row-bg viewport-desktop using-image\" data-parallax-speed=\"fast\" style=\"background-position: center top; background-repeat: no-repeat; \"><\/div><\/div><div class=\"row-bg-overlay\" style=\"background-color:#da5143;  opacity: 1; \"><\/div><\/div><div class=\"row_col_wrap_12 col span_12 light left\">\n\t<div  class=\"vc_col-sm-12 wpb_column column_container vc_column_container col no-extra-padding inherit_tablet inherit_phone\"  data-padding-pos=\"all\" data-has-bg-color=\"false\" data-bg-color=\"\" data-bg-opacity=\"1\" data-animation=\"\" data-delay=\"0\" >\n\t\t<div class=\"vc_column-inner\" >\n\t\t\t<div class=\"wpb_wrapper\">\n\t\t\t\t<div id=\"fws_69ea35501275c\" data-midnight=\"\" data-column-margin=\"default\" class=\"wpb_row vc_row-fluid vc_row inner_row\"  style=\"\"><div class=\"row-bg-wrap\"> <div class=\"row-bg\" ><\/div> <\/div><div class=\"row_col_wrap_12_inner col span_12  left\">\n\t<div  class=\"vc_col-sm-3 wpb_column column_container vc_column_container col child_column centered-text no-extra-padding inherit_tablet inherit_phone\"   data-padding-pos=\"all\" data-has-bg-color=\"false\" data-bg-color=\"\" data-bg-opacity=\"1\" data-animation=\"\" data-delay=\"0\" >\n\t\t<div class=\"vc_column-inner\" >\n\t\t<div class=\"wpb_wrapper\">\n\t\t\t<h5 style=\"color: rgba(255,255,255,0.63);text-align: center\" class=\"vc_custom_heading vc_custom_1651673886779\" >Shows<\/h5><div class=\"nectar-milestone\"  data-animation-delay=\"\" data-ms-align=\"default\" > <div class=\"number default\" data-number-size=\"92\"><h5><span>9<\/span><\/h5><\/div> <div class=\"subject\" style=\"padding: 2%;\"><\/div> <\/div>\n\t\t<\/div> \n\t<\/div>\n\t<\/div> \n\n\t<div  class=\"vc_col-sm-3 wpb_column column_container vc_column_container col child_column centered-text no-extra-padding inherit_tablet inherit_phone\"   data-padding-pos=\"all\" data-has-bg-color=\"false\" data-bg-color=\"\" data-bg-opacity=\"1\" data-animation=\"\" data-delay=\"0\" >\n\t\t<div class=\"vc_column-inner\" >\n\t\t<div class=\"wpb_wrapper\">\n\t\t\t<h5 style=\"color: rgba(255,255,255,0.63);text-align: center\" class=\"vc_custom_heading vc_custom_1651673980803\" >Awards<\/h5><div class=\"nectar-milestone\"  data-animation-delay=\"\" data-ms-align=\"default\" > <div class=\"number default\" data-number-size=\"92\"><h5><span>34<\/span><\/h5><\/div> <div class=\"subject\" style=\"padding: 2%;\"><\/div> <\/div>\n\t\t<\/div> \n\t<\/div>\n\t<\/div> \n\n\t<div  class=\"vc_col-sm-3 wpb_column column_container vc_column_container col child_column centered-text no-extra-padding inherit_tablet inherit_phone\"   data-padding-pos=\"all\" data-has-bg-color=\"false\" data-bg-color=\"\" data-bg-opacity=\"1\" data-animation=\"\" data-delay=\"0\" >\n\t\t<div class=\"vc_column-inner\" >\n\t\t<div class=\"wpb_wrapper\">\n\t\t\t<h5 style=\"color: rgba(255,255,255,0.63);text-align: center\" class=\"vc_custom_heading vc_custom_1651674067109\" >Presentations<\/h5><div class=\"nectar-milestone\"  data-animation-delay=\"\" data-ms-align=\"default\" > <div class=\"number default\" data-number-size=\"92\"><h5><span>375<\/span><\/h5><\/div> <div class=\"subject\" style=\"padding: 2%;\"><\/div> <\/div>\n\t\t<\/div> \n\t<\/div>\n\t<\/div> \n\n\t<div  class=\"vc_col-sm-3 wpb_column column_container vc_column_container col child_column centered-text no-extra-padding inherit_tablet inherit_phone\"   data-padding-pos=\"all\" data-has-bg-color=\"false\" data-bg-color=\"\" data-bg-opacity=\"1\" data-animation=\"\" data-delay=\"0\" >\n\t\t<div class=\"vc_column-inner\" >\n\t\t<div class=\"wpb_wrapper\">\n\t\t\t<h5 style=\"color: rgba(255,255,255,0.63);text-align: center\" class=\"vc_custom_heading vc_custom_1651674079602\" >P\u00fablico<\/h5><div class=\"nectar-milestone\"  data-animation-delay=\"\" data-ms-align=\"default\" > <div class=\"number default\" data-number-size=\"92\"><h5><span>73572<\/span><\/h5><\/div> <div class=\"subject\" style=\"padding: 2%;\"><\/div> <\/div>\n\t\t<\/div> \n\t<\/div>\n\t<\/div> \n<\/div><\/div>\n\t\t\t<\/div> \n\t\t<\/div>\n\t<\/div> \n<\/div><\/div>\n\t\t<div id=\"fws_69ea355012dc9\"  data-column-margin=\"80px\" data-midnight=\"dark\" data-top-percent=\"9%\"  class=\"wpb_row vc_row-fluid vc_row full-width-section\"  style=\"padding-top: calc(100vw * 0.09); padding-bottom: 0px; \"><div class=\"row-bg-wrap\" data-bg-animation=\"none\" data-bg-overlay=\"false\"><div class=\"inner-wrap\"><div class=\"row-bg viewport-desktop\"  style=\"\"><\/div><\/div><\/div><div class=\"row_col_wrap_12 col span_12 dark left\"><\/div><\/div>\n<div class=\"wpb_text_column wpb_content_element  vc_custom_1648588601722\" >\n\t<div class=\"wpb_wrapper\">\n\t\t\t<\/div>\n<\/div>","protected":false},"excerpt":{"rendered":"Sinopse \u00c0s margens do Rio S\u00e3o Francisco, vivem tr\u00eas irm\u00e3s. A in\u00e9rcia da espera, o ci\u00fame e a pulsa\u00e7\u00e3o da esperan\u00e7a tecem o principal enredo da hist\u00f3ria. \u00c0s v\u00e9speras de...","protected":false},"author":1,"featured_media":0,"parent":0,"menu_order":0,"comment_status":"closed","ping_status":"closed","template":"","meta":{"footnotes":""},"class_list":["post-49","page","type-page","status-publish"],"_links":{"self":[{"href":"https:\/\/osgeraldos.com.br\/en\/wp-json\/wp\/v2\/pages\/49","targetHints":{"allow":["GET"]}}],"collection":[{"href":"https:\/\/osgeraldos.com.br\/en\/wp-json\/wp\/v2\/pages"}],"about":[{"href":"https:\/\/osgeraldos.com.br\/en\/wp-json\/wp\/v2\/types\/page"}],"author":[{"embeddable":true,"href":"https:\/\/osgeraldos.com.br\/en\/wp-json\/wp\/v2\/users\/1"}],"replies":[{"embeddable":true,"href":"https:\/\/osgeraldos.com.br\/en\/wp-json\/wp\/v2\/comments?post=49"}],"version-history":[{"count":15,"href":"https:\/\/osgeraldos.com.br\/en\/wp-json\/wp\/v2\/pages\/49\/revisions"}],"predecessor-version":[{"id":900,"href":"https:\/\/osgeraldos.com.br\/en\/wp-json\/wp\/v2\/pages\/49\/revisions\/900"}],"wp:attachment":[{"href":"https:\/\/osgeraldos.com.br\/en\/wp-json\/wp\/v2\/media?parent=49"}],"curies":[{"name":"wp","href":"https:\/\/api.w.org\/{rel}","templated":true}]}}