{"id":37,"date":"2022-03-24T03:11:09","date_gmt":"2022-03-24T03:11:09","guid":{"rendered":"https:\/\/osgeraldos.com.br\/?page_id=37"},"modified":"2023-02-01T19:16:09","modified_gmt":"2023-02-01T19:16:09","slug":"formacao","status":"publish","type":"page","link":"https:\/\/osgeraldos.com.br\/en\/formacao\/","title":{"rendered":"Training"},"content":{"rendered":"<div id=\"fws_69ea354f87564\"  data-column-margin=\"default\" data-midnight=\"dark\" data-bottom-percent=\"5%\"  class=\"wpb_row vc_row-fluid vc_row full-width-content vc_row-o-equal-height vc_row-flex vc_row-o-content-top  nectar-overflow-hidden\"  style=\"padding-top: 0px; padding-bottom: calc(100vw * 0.05); \"><div class=\"row-bg-wrap\" data-bg-animation=\"none\" data-bg-overlay=\"false\"><div class=\"inner-wrap\"><div class=\"row-bg viewport-desktop\"  style=\"\"><\/div><\/div><\/div><div class=\"row_col_wrap_12 col span_12 dark left\">\n\t<div  class=\"vc_col-sm-12 wpb_column column_container vc_column_container col no-extra-padding el_spacing_0px inherit_tablet inherit_phone\"  data-padding-pos=\"all\" data-has-bg-color=\"false\" data-bg-color=\"\" data-bg-opacity=\"1\" data-animation=\"\" data-delay=\"0\" >\n\t\t<div class=\"vc_column-inner\" >\n\t\t\t<div class=\"wpb_wrapper\">\n\t\t\t\t<div id=\"fws_69ea354f876a7\" data-midnight=\"\" data-column-margin=\"none\" class=\"wpb_row vc_row-fluid vc_row inner_row\"  style=\" z-index: 100;\"><div class=\"row-bg-wrap\"> <div class=\"row-bg\" ><\/div> <\/div><div class=\"row_col_wrap_12_inner col span_12  left\">\n\t<div  class=\"vc_col-sm-12 wpb_column column_container vc_column_container col child_column no-extra-padding inherit_tablet inherit_phone\"   data-padding-pos=\"all\" data-has-bg-color=\"false\" data-bg-color=\"\" data-bg-opacity=\"1\" data-animation=\"\" data-delay=\"0\" data-scroll-animation=\"true\" data-scroll-animation-movement=\"transform_x\" data-scroll-animation-mobile=\"true\" data-scroll-animation-intensity=\"3.5\" >\n\t\t<div class=\"vc_column-inner\" >\n\t\t<div class=\"wpb_wrapper\">\n\t\t\t<div class=\"nectar-scrolling-text font_size_11vw font_size_mobile_15vw\" data-style=\"text_outline\" data-s-dir=\"ltr\" data-spacing=\"false\" data-outline-thickness=\"ultra-thin\" data-s-speed=\"slowest\" data-overflow=\"visible\" ><div class=\"nectar-scrolling-text-inner\" style=\"color: #eeddbe;\">\n<h1>Training <em>Training<\/em><span>&nbsp;<\/span><\/h1>\n\n<h1>Training <em>Training<\/em><span>&nbsp;<\/span><\/h1>\n\n<h1>Training <em>Training<\/em><span>&nbsp;<\/span><\/h1>\n\n<h1>Training <em>Training<\/em><span>&nbsp;<\/span><\/h1>\n\n<h1>Training <em>Training<\/em><span>&nbsp;<\/span><\/h1>\n<\/div><\/div>\n\t\t<\/div> \n\t<\/div>\n\t<\/div> \n<\/div><\/div>\n\t\t\t<\/div> \n\t\t<\/div>\n\t<\/div> \n<\/div><\/div>\n\t\t<div id=\"fws_69ea354f877bd\"  data-column-margin=\"default\" data-midnight=\"dark\" data-bottom-percent=\"10%\"  class=\"wpb_row vc_row-fluid vc_row full-width-content vc_row-o-equal-height vc_row-flex vc_row-o-content-top\"  style=\"padding-top: 0px; padding-bottom: calc(100vw * 0.10); \"><div class=\"row-bg-wrap\" data-bg-animation=\"none\" data-bg-overlay=\"false\"><div class=\"inner-wrap\"><div class=\"row-bg viewport-desktop\"  style=\"\"><\/div><\/div><\/div><div class=\"row_col_wrap_12 col span_12 dark left\">\n\t<div  class=\"vc_col-sm-6 wpb_column column_container vc_column_container col nectar-sticky-column-css--middle nectar-sticky-column-css padding-6-percent padding-5-percent_tablet inherit_phone\"  data-padding-pos=\"left-right\" data-has-bg-color=\"false\" data-bg-color=\"\" data-bg-opacity=\"1\" data-animation=\"\" data-delay=\"0\" >\n\t\t<div class=\"vc_column-inner\" >\n\t\t\t<div class=\"wpb_wrapper\">\n\t\t\t\t<div id=\"fws_69ea354f8783b\" data-midnight=\"\" data-column-margin=\"none\" class=\"wpb_row vc_row-fluid vc_row inner_row\"  style=\"padding-bottom: 15px; \"><div class=\"row-bg-wrap\"> <div class=\"row-bg\" ><\/div> <\/div><div class=\"row_col_wrap_12_inner col span_12  left\">\n\t<div  class=\"vc_col-sm-12 wpb_column column_container vc_column_container col child_column has-animation no-extra-padding inherit_tablet inherit_phone\"   data-padding-pos=\"all\" data-has-bg-color=\"false\" data-bg-color=\"\" data-bg-opacity=\"1\" data-animation=\"fade-in-from-bottom\" data-delay=\"0\" >\n\t\t<div class=\"vc_column-inner\" >\n\t\t<div class=\"wpb_wrapper\">\n\t\t\t\n<div class=\"wpb_text_column wpb_content_element\" >\n\t<div class=\"wpb_wrapper\">\n\t\t<h5>TRAINING<\/h5>\n\t<\/div>\n<\/div>\n\n\n\n\n\t\t<\/div> \n\t<\/div>\n\t<\/div> \n<\/div><\/div><div class=\"nectar-split-heading\" data-align=\"default\" data-m-align=\"inherit\" data-text-effect=\"default\" data-animation-type=\"line-reveal-by-space\" data-animation-delay=\"0\" data-animation-offset=\"\" data-m-rm-animation=\"\" data-stagger=\"true\" data-custom-font-size=\"true\" style=\"font-size: 4vw; line-height: 4.4vw;\"><h2 style=\"max-width: 80%;\">We value the training<br \/>\nof new actors.<\/h2><\/div><div class=\"vc_separator wpb_content_element vc_separator_align_right vc_sep_width_100 vc_sep_pos_align_left vc_separator-has-text\" ><span class=\"vc_sep_holder vc_sep_holder_l\"><span  style=\"border-color:#dd9933;\" class=\"vc_sep_line\"><\/span><\/span><div class=\"vc_icon_element vc_icon_element-outer vc_icon_element-align-left\"><div class=\"vc_icon_element-inner vc_icon_element-color-juicy_pink vc_icon_element-size-md vc_icon_element-style- vc_icon_element-background-color-grey\" ><span class=\"vc_icon_element-icon fa fa-angle-right\" ><\/span><\/div><\/div><h4>Browse next<\/h4><span class=\"vc_sep_holder vc_sep_holder_r\"><span  style=\"border-color:#dd9933;\" class=\"vc_sep_line\"><\/span><\/span>\n<\/div><div class=\"img-with-aniamtion-wrap\" data-max-width=\"100%\" data-max-width-mobile=\"default\" data-shadow=\"none\" data-animation=\"fade-in\" >\n      <div class=\"inner\">\n        <div class=\"hover-wrap\"> \n          <div class=\"hover-wrap-inner\">\n            <img decoding=\"async\" class=\"img-with-animation skip-lazy\" data-delay=\"0\" height=\"100\" width=\"100\" data-animation=\"fade-in\" src=\"\" alt=\"\"  \/>\n          <\/div>\n        <\/div>\n      <\/div>\n    <\/div>\n\t\t\t<\/div> \n\t\t<\/div>\n\t<\/div> \n\n\t<div  class=\"vc_col-sm-6 wpb_column column_container vc_column_container col no-extra-padding el_spacing_30px padding-5-percent_tablet inherit_phone\"  data-padding-pos=\"all\" data-has-bg-color=\"false\" data-bg-color=\"\" data-bg-opacity=\"1\" data-animation=\"\" data-delay=\"0\" >\n\t\t<div class=\"vc_column-inner\" >\n\t\t\t<div class=\"wpb_wrapper\">\n\t\t\t\t<div class='nectar-post-grid-wrap formacao-text text-color-dark spacing-35px' data-el-settings='{\"post_type\":\"post\",\"pagination\":\"none\",\"image_size\":\"large\",\"aspect_ratio_image_size\":\"\",\"display_categories\":\"0\",\"display_excerpt\":\"yes\",\"display_date\":\"0\",\"color_overlay\":\"\",\"color_overlay_opacity\":\"\",\"color_overlay_hover_opacity\":\"\",\"card_bg_color\":\"\",\"grid_style\":\"content_under_image\",\"hover_effect\":\"animated_underline_zoom\",\"post_title_overlay\":\"\",\"heading_tag\":\"h3\",\"enable_gallery_lightbox\":\"0\",\"overlay_secondary_project_image\":\"\",\"vertical_list_hover_effect\":\"none\",\"vertical_list_read_more\":\"\"}' data-style='content_under_image' data-query='{\"post_type\":\"post\",\"posts_per_page\":\"2\",\"order\":\"ASC\",\"orderby\":\"title\",\"offset\":\"0\",\"cpt_name\":\"post\",\"custom_query_tax\":\"\",\"ignore_sticky_posts\":\"\"}' data-load-more-color='black' data-load-more-text='Load More'><div class=\"nectar-post-grid-filters\" data-active-color=\"default\" data-align=\"default\" data-animation=\"none\" data-sortable=\"\"><h4>Filter<\/h4><div><a href=\"#\" data-filter=\"formacao\" data-total-count=\"4\">Training<\/a><\/div><\/div><div class=\"nectar-post-grid font_size_3vw\" data-indicator=\"yes\" data-indicator-style=\"default\" data-indicator-text-color=\"#fff\" data-indicator-color=\"#ff5149\" data-indicator-text=\"Conhecer\" data-columns=\"1\" data-hover-effect=\"animated_underline_zoom\" data-text-style=\"default\" data-border-radius=\"none\" data-grid-item-height=\"60vh\" data-grid-spacing=\"35px\" data-text-layout=\"top_left\" data-text-color=\"dark\" data-text-hover-color=\"dark\" data-shadow-hover=\"\" data-animation=\"none\" data-cat-click=\"default\" data-lock-aspect=\"\"  data-text-align=\"left\" data-card=\"\"><div class=\"nectar-post-grid-item nectar-underline\" data-has-img=\"true\"> <div class=\"inner\"><div class=\"nectar-post-grid-item-bg-wrap\"><div class=\"nectar-post-grid-item-bg-wrap-inner\"><a class=\"bg-wrap-link\" aria-label=\"\u00a0Free Theater Course\" href=\"https:\/\/osgeraldos.com.br\/en\/formacao-3\/\"><\/a><div class=\"nectar-post-grid-item-bg\" style=\"background-image:url(https:\/\/osgeraldos.com.br\/wp-content\/uploads\/2022\/03\/cf2017-3-1024x768.jpeg);\"><\/div><\/div><\/div><div class=\"content\"><a class=\"nectar-post-grid-link\" href=\"https:\/\/osgeraldos.com.br\/en\/formacao-3\/\" aria-label=\"\u00a0Free Theater Course\"><\/a><div class=\"item-main\"><h3 class=\"post-heading\"><a href=\"https:\/\/osgeraldos.com.br\/en\/formacao-3\/\"><span>\u00a0Free Theater Course<\/span><\/a><\/h3><div class=\"item-meta-extra\"><span class=\"meta-excerpt\">Offered since 2009, this course covers the basics of character and scene creation through the practice of games and improvisation exercises, with a view to creating a performance, which is presented to the public at the end of the academic year....<\/span><\/div><\/div><\/div><\/div><\/div><div class=\"nectar-post-grid-item nectar-underline\" data-has-img=\"true\"> <div class=\"inner\"><div class=\"nectar-post-grid-item-bg-wrap\"><div class=\"nectar-post-grid-item-bg-wrap-inner\"><a class=\"bg-wrap-link\" aria-label=\"Actor Training Course\" href=\"https:\/\/osgeraldos.com.br\/en\/curso-de-formacao-de-atores\/\"><\/a><div class=\"nectar-post-grid-item-bg\" style=\"background-image:url(https:\/\/osgeraldos.com.br\/wp-content\/uploads\/2022\/09\/Credito-Wesley-Ribeiro-1024x683.jpg);\"><\/div><\/div><\/div><div class=\"content\"><a class=\"nectar-post-grid-link\" href=\"https:\/\/osgeraldos.com.br\/en\/curso-de-formacao-de-atores\/\" aria-label=\"Actor Training Course\"><\/a><div class=\"item-main\"><h3 class=\"post-heading\"><a href=\"https:\/\/osgeraldos.com.br\/en\/curso-de-formacao-de-atores\/\"><span>Actor Training Course<\/span><\/a><\/h3><div class=\"item-meta-extra\"><span class=\"meta-excerpt\">The \"Actor Training Course\" has been in operation since 2015, with interruptions in 2020 and 2021 due to the COVID-19 pandemic. It has successfully trained approximately 180 students from Campinas and the surrounding area. Currently, classes are conducted at the Theater Art and Craft (TAO by its acronym in Portuguese), one of most traditional cultural spaces in Campinas, with a 37-year history and a distinguished presence in the city. Equipped with an Italian stage, a 170-seat auditorium, sound and lighting infrastructure, dressing rooms, production rooms, and an Visualities of the Show \u2013 a workshop dedicated to the artisanal creation of the visual aspects of theatrical productions, TAO adds an extra layer to the course with this unique setting, by taking place in a theatrical space, allowing for an enriched focus on theatricality as the core of artistic training.\nAimed at young people and adults, the course provides comprehensive training covering the fundamental components of performing arts. with the actor's work as a structural perspective, in addition to integrating the development of skills related to cultural management. Consequently, the course guides students towards engaging in theatrical practice from the dual perspectives of acting and the necessary production aspects.<\/span><\/div><\/div><\/div><\/div><\/div><\/div><\/div>\n\t\t\t<\/div> \n\t\t<\/div>\n\t<\/div> \n<\/div><\/div>\n\t\t<div id=\"fws_69ea354f88df6\"  data-column-margin=\"default\" data-midnight=\"dark\" data-bottom-percent=\"10%\"  class=\"wpb_row vc_row-fluid vc_row full-width-content vc_row-o-equal-height vc_row-flex vc_row-o-content-top\"  style=\"padding-top: 0px; padding-bottom: calc(100vw * 0.10); \"><div class=\"row-bg-wrap\" data-bg-animation=\"none\" data-bg-overlay=\"false\"><div class=\"inner-wrap\"><div class=\"row-bg viewport-desktop\"  style=\"\"><\/div><\/div><\/div><div class=\"row_col_wrap_12 col span_12 dark left\">\n\t<div  class=\"vc_col-sm-6 wpb_column column_container vc_column_container col nectar-sticky-column-css--middle nectar-sticky-column-css padding-6-percent padding-5-percent_tablet inherit_phone\"  data-padding-pos=\"left-right\" data-has-bg-color=\"false\" data-bg-color=\"\" data-bg-opacity=\"1\" data-animation=\"\" data-delay=\"0\" >\n\t\t<div class=\"vc_column-inner\" >\n\t\t\t<div class=\"wpb_wrapper\">\n\t\t\t\t<div id=\"fws_69ea354f88e75\" data-midnight=\"\" data-column-margin=\"none\" class=\"wpb_row vc_row-fluid vc_row inner_row\"  style=\"padding-bottom: 15px; \"><div class=\"row-bg-wrap\"> <div class=\"row-bg\" ><\/div> <\/div><div class=\"row_col_wrap_12_inner col span_12  left\">\n\t<div  class=\"vc_col-sm-12 wpb_column column_container vc_column_container col child_column has-animation no-extra-padding inherit_tablet inherit_phone\"   data-padding-pos=\"all\" data-has-bg-color=\"false\" data-bg-color=\"\" data-bg-opacity=\"1\" data-animation=\"fade-in-from-bottom\" data-delay=\"0\" >\n\t\t<div class=\"vc_column-inner\" >\n\t\t<div class=\"wpb_wrapper\">\n\t\t\t\n<div class=\"wpb_text_column wpb_content_element\" >\n\t<div class=\"wpb_wrapper\">\n\t\t<h5>TRAINING<\/h5>\n\t<\/div>\n<\/div>\n\n\n\n\n\t\t<\/div> \n\t<\/div>\n\t<\/div> \n<\/div><\/div><div class=\"nectar-split-heading\" data-align=\"default\" data-m-align=\"inherit\" data-text-effect=\"default\" data-animation-type=\"line-reveal-by-space\" data-animation-delay=\"0\" data-animation-offset=\"\" data-m-rm-animation=\"\" data-stagger=\"true\" data-custom-font-size=\"true\" style=\"font-size: 4vw; line-height: 4.4vw;\"><h2 style=\"max-width: 80%;\">Valorizamos a forma\u00e7\u00e3o de novos gestores e produtores culturais.<\/h2><\/div><div class=\"vc_separator wpb_content_element vc_separator_align_right vc_sep_width_100 vc_sep_pos_align_left vc_separator-has-text\" ><span class=\"vc_sep_holder vc_sep_holder_l\"><span  style=\"border-color:#dd9933;\" class=\"vc_sep_line\"><\/span><\/span><div class=\"vc_icon_element vc_icon_element-outer vc_icon_element-align-left\"><div class=\"vc_icon_element-inner vc_icon_element-color-juicy_pink vc_icon_element-size-md vc_icon_element-style- vc_icon_element-background-color-grey\" ><span class=\"vc_icon_element-icon fa fa-angle-right\" ><\/span><\/div><\/div><h4>Browse next<\/h4><span class=\"vc_sep_holder vc_sep_holder_r\"><span  style=\"border-color:#dd9933;\" class=\"vc_sep_line\"><\/span><\/span>\n<\/div><div class=\"img-with-aniamtion-wrap\" data-max-width=\"100%\" data-max-width-mobile=\"default\" data-shadow=\"none\" data-animation=\"fade-in\" >\n      <div class=\"inner\">\n        <div class=\"hover-wrap\"> \n          <div class=\"hover-wrap-inner\">\n            <img decoding=\"async\" class=\"img-with-animation skip-lazy\" data-delay=\"0\" height=\"100\" width=\"100\" data-animation=\"fade-in\" src=\"\" alt=\"\"  \/>\n          <\/div>\n        <\/div>\n      <\/div>\n    <\/div>\n\t\t\t<\/div> \n\t\t<\/div>\n\t<\/div> \n\n\t<div  class=\"vc_col-sm-6 wpb_column column_container vc_column_container col no-extra-padding el_spacing_30px padding-5-percent_tablet inherit_phone\"  data-padding-pos=\"all\" data-has-bg-color=\"false\" data-bg-color=\"\" data-bg-opacity=\"1\" data-animation=\"\" data-delay=\"0\" >\n\t\t<div class=\"vc_column-inner\" >\n\t\t\t<div class=\"wpb_wrapper\">\n\t\t\t\t<div class='nectar-post-grid-wrap formacao-text text-color-dark spacing-35px' data-el-settings='{\"post_type\":\"post\",\"pagination\":\"none\",\"image_size\":\"large\",\"aspect_ratio_image_size\":\"\",\"display_categories\":\"0\",\"display_excerpt\":\"yes\",\"display_date\":\"0\",\"color_overlay\":\"\",\"color_overlay_opacity\":\"\",\"color_overlay_hover_opacity\":\"\",\"card_bg_color\":\"\",\"grid_style\":\"content_under_image\",\"hover_effect\":\"animated_underline_zoom\",\"post_title_overlay\":\"\",\"heading_tag\":\"h3\",\"enable_gallery_lightbox\":\"0\",\"overlay_secondary_project_image\":\"\",\"vertical_list_hover_effect\":\"none\",\"vertical_list_read_more\":\"\"}' data-style='content_under_image' data-query='{\"post_type\":\"post\",\"posts_per_page\":\"2\",\"order\":\"DESC\",\"orderby\":\"title\",\"offset\":\"0\",\"cpt_name\":\"post\",\"custom_query_tax\":\"\",\"ignore_sticky_posts\":\"\"}' data-load-more-color='black' data-load-more-text='Load More'><div class=\"nectar-post-grid-filters\" data-active-color=\"default\" data-align=\"default\" data-animation=\"none\" data-sortable=\"\"><h4>Filter<\/h4><div><a href=\"#\" data-filter=\"formacao\" data-total-count=\"4\">Training<\/a><\/div><\/div><div class=\"nectar-post-grid font_size_3vw\" data-indicator=\"yes\" data-indicator-style=\"default\" data-indicator-text-color=\"#fff\" data-indicator-color=\"#ff5149\" data-indicator-text=\"Conhecer\" data-columns=\"1\" data-hover-effect=\"animated_underline_zoom\" data-text-style=\"default\" data-border-radius=\"none\" data-grid-item-height=\"60vh\" data-grid-spacing=\"35px\" data-text-layout=\"top_left\" data-text-color=\"dark\" data-text-hover-color=\"dark\" data-shadow-hover=\"\" data-animation=\"none\" data-cat-click=\"default\" data-lock-aspect=\"\"  data-text-align=\"left\" data-card=\"\"><div class=\"nectar-post-grid-item nectar-underline\" data-has-img=\"true\"> <div class=\"inner\"><div class=\"nectar-post-grid-item-bg-wrap\"><div class=\"nectar-post-grid-item-bg-wrap-inner\"><a class=\"bg-wrap-link\" aria-label=\"Transformations\" href=\"https:\/\/osgeraldos.com.br\/en\/formacao-1\/\"><\/a><div class=\"nectar-post-grid-item-bg\" style=\"background-image:url(https:\/\/osgeraldos.com.br\/wp-content\/uploads\/2022\/03\/IMG_0068-1024x683.jpg);\"><\/div><\/div><\/div><div class=\"content\"><a class=\"nectar-post-grid-link\" href=\"https:\/\/osgeraldos.com.br\/en\/formacao-1\/\" aria-label=\"Transformations\"><\/a><div class=\"item-main\"><h3 class=\"post-heading\"><a href=\"https:\/\/osgeraldos.com.br\/en\/formacao-1\/\"><span>Transformations<\/span><\/a><\/h3><div class=\"item-meta-extra\"><span class=\"meta-excerpt\">Transformations is a project carried out by the group since 2012, working as an Oriented Internship Program that has welcomed over 60 young participants. The action corresponds to a training in the field of cultural management, by connecting learning and doing, student activity and professional realization.\nParticipants immerse themselves in the daily life of the Os Geraldos group and the Theater Art and Craft\u2019s activities,with experiences related to Cultural Management. - management, maintenance and production of the group's artistic, formative and headquarters projects - and artistic creation - actively participating in the activities of the Visualities Workshop and the processes of staging and circulating shows. They take on practical roles, contributing to the technical and production aspects involved. At the end of the project, a serie of evaluations are carried out. Participants engage in discussions with their supervisors, reflecting on their individual journeys and evolution as artists.<\/span><\/div><\/div><\/div><\/div><\/div><div class=\"nectar-post-grid-item nectar-underline\" data-has-img=\"true\"> <div class=\"inner\"><div class=\"nectar-post-grid-item-bg-wrap\"><div class=\"nectar-post-grid-item-bg-wrap-inner\"><a class=\"bg-wrap-link\" aria-label=\"Artistic Groups Incubator\" href=\"https:\/\/osgeraldos.com.br\/en\/incubadora\/\"><\/a><div class=\"nectar-post-grid-item-bg\" style=\"background-image:url(https:\/\/osgeraldos.com.br\/wp-content\/uploads\/2022\/10\/IMG-20180830-WA0032-1024x768.jpg);\"><\/div><\/div><\/div><div class=\"content\"><a class=\"nectar-post-grid-link\" href=\"https:\/\/osgeraldos.com.br\/en\/incubadora\/\" aria-label=\"Artistic Groups Incubator\"><\/a><div class=\"item-main\"><h3 class=\"post-heading\"><a href=\"https:\/\/osgeraldos.com.br\/en\/incubadora\/\"><span>Artistic Groups Incubator<\/span><\/a><\/h3><div class=\"item-meta-extra\"><span class=\"meta-excerpt\">Artistic Groups Incubator is a comprehensive project focusing on Training, Capacity Building, and Consulting in Cultural Management, designed for artists across all diverses languages, whether working individually or in collectives. This training process develops skills, tools, and methodologies capable of improving the management structure, as well as favoring the sustainability and constancy of the artistic initiatives of the participants. Since its\nfirst edition (2017), the pedagogical actions have been carried out in person for 118 artists and 40 groups from the interior of S\u00e3o Paulo. Through the practical approach of the pedagogical content, cultural projects of art exhibitions, short films, photo exhibitions, and theater performances became a reality, amplifying the project's impact in the regions it has touched.\nBeyond providing training in Cultural Management, each edition of the project has incorporated a focus on Cultural Diffusion and Audience Building through artistic performances. This involves extending the network of relationships to the general public, reaching approximately 2000 people. Thus, the project facilitates an experience of encounter and poetic event for all involved in this pedagogical journey\u2014be it young artists\/groups or teachers, also, this event becomes a catalyst for inspiration and imagination, highlighting both the Apollonian and earthly work inherent in the realms of Cultural Management.\nIn our most recent edition, held in 2021, in a pandemic context, the addition of the word \"virtual\" to the title signifies the project's realization in digital format - which allowed the expansion of the project to artists and managers from all over the country - and reinforces the character of the project, through the original meaning of the term: virtual comes from the medieval Latin Virtuale or Virtualis, which means virtue, strength, and power. It symbolizes the inspiration and empowerment of artistic projects.<\/span><\/div><\/div><\/div><\/div><\/div><\/div><\/div>\n\t\t\t<\/div> \n\t\t<\/div>\n\t<\/div> \n<\/div><\/div>","protected":false},"excerpt":{"rendered":"Incubadora de Grupos Art\u00edsticos \u00e9 um projeto amplo de Forma\u00e7\u00e3o, Capacita\u00e7\u00e3o e Consultoria em Gest\u00e3o Cultural, direcionado a artistas de todas as linguagens, de coletivos ou em carreira solo. Esse...","protected":false},"author":1,"featured_media":0,"parent":0,"menu_order":0,"comment_status":"closed","ping_status":"closed","template":"","meta":{"footnotes":""},"class_list":["post-37","page","type-page","status-publish"],"_links":{"self":[{"href":"https:\/\/osgeraldos.com.br\/en\/wp-json\/wp\/v2\/pages\/37","targetHints":{"allow":["GET"]}}],"collection":[{"href":"https:\/\/osgeraldos.com.br\/en\/wp-json\/wp\/v2\/pages"}],"about":[{"href":"https:\/\/osgeraldos.com.br\/en\/wp-json\/wp\/v2\/types\/page"}],"author":[{"embeddable":true,"href":"https:\/\/osgeraldos.com.br\/en\/wp-json\/wp\/v2\/users\/1"}],"replies":[{"embeddable":true,"href":"https:\/\/osgeraldos.com.br\/en\/wp-json\/wp\/v2\/comments?post=37"}],"version-history":[{"count":25,"href":"https:\/\/osgeraldos.com.br\/en\/wp-json\/wp\/v2\/pages\/37\/revisions"}],"predecessor-version":[{"id":734,"href":"https:\/\/osgeraldos.com.br\/en\/wp-json\/wp\/v2\/pages\/37\/revisions\/734"}],"wp:attachment":[{"href":"https:\/\/osgeraldos.com.br\/en\/wp-json\/wp\/v2\/media?parent=37"}],"curies":[{"name":"wp","href":"https:\/\/api.w.org\/{rel}","templated":true}]}}