{"id":29,"date":"2022-03-24T02:12:41","date_gmt":"2022-03-24T02:12:41","guid":{"rendered":"https:\/\/osgeraldos.com.br\/?page_id=29"},"modified":"2024-01-02T15:51:55","modified_gmt":"2024-01-02T15:51:55","slug":"territorios-culturais","status":"publish","type":"page","link":"https:\/\/osgeraldos.com.br\/en\/territorios-culturais\/","title":{"rendered":"Cultural Territories"},"content":{"rendered":"<div id=\"fws_69ea35510cd0a\"  data-column-margin=\"default\" data-midnight=\"dark\" data-top-percent=\"5%\"  class=\"wpb_row vc_row-fluid vc_row vc_row-o-equal-height vc_row-flex vc_row-o-content-middle\"  style=\"padding-top: calc(100vw * 0.05); padding-bottom: 0px; \"><div class=\"row-bg-wrap\" data-bg-animation=\"none\" data-bg-overlay=\"false\"><div class=\"inner-wrap\"><div class=\"row-bg viewport-desktop\"  style=\"\"><\/div><\/div><\/div><div class=\"row_col_wrap_12 col span_12 dark left\">\n\t<div  class=\"vc_col-sm-8 wpb_column column_container vc_column_container col no-extra-padding inherit_tablet inherit_phone\"  data-padding-pos=\"all\" data-has-bg-color=\"false\" data-bg-color=\"\" data-bg-opacity=\"1\" data-animation=\"\" data-delay=\"0\" >\n\t\t<div class=\"vc_column-inner\" >\n\t\t\t<div class=\"wpb_wrapper\">\n\t\t\t\t<div class=\"nectar-split-heading  font_size_tablet_9vw font_size_phone_10vw font_line_height_0-9\" data-align=\"default\" data-m-align=\"inherit\" data-text-effect=\"letter-reveal-bottom\" data-animation-type=\"line-reveal-by-space\" data-animation-delay=\"0\" data-animation-offset=\"\" data-m-rm-animation=\"true\" data-stagger=\"true\" data-custom-font-size=\"true\" style=\"font-size: 5vw; line-height: 5.5vw;\"><h3 >Cultural Territories<\/h3><\/div>\n\t\t\t<\/div> \n\t\t<\/div>\n\t<\/div> \n\n\t<div  class=\"vc_col-sm-4 wpb_column column_container vc_column_container col centered-text no-extra-padding inherit_tablet inherit_phone\"  data-padding-pos=\"all\" data-has-bg-color=\"false\" data-bg-color=\"\" data-bg-opacity=\"1\" data-animation=\"\" data-delay=\"0\" >\n\t\t<div class=\"vc_column-inner\" >\n\t\t\t<div class=\"wpb_wrapper\">\n\t\t\t\t\n<div class=\"wpb_text_column wpb_content_element\" >\n\t<div class=\"wpb_wrapper\">\n\t\t<p style=\"text-align: left;\"><span style=\"font-weight: 400;\">One of the pivotal fronts for the group is Cultural Territories, spaces created and managed by the group since its foundation. These spaces, beyond serving as venues for the group's cultural and artistic activities, evolve into fields for cultural diffusion and training for artist and public, making use of courses, workshops, conferences, and shows that are regularly hosted throughout our history. Due to this extensive contributions, the group received a nomination in 2017 for <\/span><b>the Governor's Award in the Cultural Territories<\/b><span style=\"font-weight: 400;\">category\u2014One of the greatest honors in the field.<\/span><\/p>\n<p style=\"text-align: left;\"><span style=\"font-weight: 400;\">All these dynamic activities are orchestrated under the umbrella of the <\/span><b>Centro de Forma\u00e7\u00e3o e Produ\u00e7\u00e3o Teatral \u2013 CFPT <\/b><span style=\"font-weight: 400;\">Os Geraldos (Training and Theatrical Production Center), currently located at the <\/span><b>Theater Art and Craft<\/b><span style=\"font-weight: 400;\">in Campinas.<\/span><\/p>\n\t<\/div>\n<\/div>\n\n\n\n\n\t\t\t<\/div> \n\t\t<\/div>\n\t<\/div> \n<\/div><\/div>\n\t\t<div id=\"fws_69ea35510d0f2\"  data-column-margin=\"default\" data-midnight=\"dark\" data-top-percent=\"6%\" data-bottom-percent=\"6%\"  class=\"wpb_row vc_row-fluid vc_row full-width-section\"  style=\"padding-top: calc(100vw * 0.06); padding-bottom: calc(100vw * 0.06); \"><div class=\"row-bg-wrap\" data-bg-animation=\"none\" data-bg-overlay=\"false\"><div class=\"inner-wrap using-image\"><div class=\"row-bg viewport-desktop using-image\"  style=\"background-image: url(https:\/\/osgeraldos.com.br\/wp-content\/uploads\/2022\/03\/og-home-trees-small-bg.jpg); background-position: center top; background-repeat: no-repeat; \"><\/div><\/div><\/div><div class=\"row_col_wrap_12 col span_12 dark left\">\n\t<div  class=\"vc_col-sm-12 wpb_column column_container vc_column_container col no-extra-padding inherit_tablet inherit_phone\"  data-padding-pos=\"all\" data-has-bg-color=\"false\" data-bg-color=\"\" data-bg-opacity=\"1\" data-animation=\"\" data-delay=\"0\" >\n\t\t<div class=\"vc_column-inner\" >\n\t\t\t<div class=\"wpb_wrapper\">\n\t\t\t\t\n<div class=\"row\">\n\n <div class=\"post-area col  span_12 col_last masonry auto_meta_overlaid_spaced  infinite_scroll\" data-ams=\"16px\" data-remove-post-date=\"1\" data-remove-post-author=\"1\" data-remove-post-comment-number=\"1\" data-remove-post-nectar-love=\"1\"> <div class=\"posts-container\" data-load-animation=\"none\">     \n     \n<article id=\"post-291\" class=\"masonry-blog-item post-291 post type-post status-publish format-standard has-post-thumbnail category-territorios-culturais\">  \n    \n  <div class=\"inner-wrap animated\">\n    \n    <div class=\"post-content\">\n\n      <div class=\"content-inner\">\n        \n        <a class=\"entire-meta-link\" href=\"https:\/\/osgeraldos.com.br\/en\/territorio-cultural-1\/\" aria-label=\"Current headquarters\"><\/a>\n        \n        <span class=\"post-featured-img\" style=\"background-image: url(https:\/\/osgeraldos.com.br\/wp-content\/uploads\/2022\/03\/Copia-de-TAO-teatro-vazio-credito-divulgacao-640x800.jpeg);\"><\/span>        \n        <div class=\"article-content-wrap\">\n          \n          <span class=\"meta-category\"><a class=\"territorios-culturais\" href=\"https:\/\/osgeraldos.com.br\/en\/category\/territorios-culturais\/\">Cultural Territories<\/a><\/span>          \n          <div class=\"post-header\">\n            <h3 class=\"title\"><a href=\"https:\/\/osgeraldos.com.br\/en\/territorio-cultural-1\/\"> Current headquarters<\/a><\/h3>\n                      <\/div>\n          \n        <\/div><!--article-content-wrap-->\n        \n      <\/div><!--\/content-inner-->\n        \n    <\/div><!--\/post-content-->\n      \n  <\/div><!--\/inner-wrap-->\n    \n<\/article>     \n     \n<article id=\"post-149\" class=\"masonry-blog-item post-149 post type-post status-publish format-standard has-post-thumbnail category-territorios-culturais\">  \n    \n  <div class=\"inner-wrap animated\">\n    \n    <div class=\"post-content\">\n\n      <div class=\"content-inner\">\n        \n        <a class=\"entire-meta-link\" href=\"https:\/\/osgeraldos.com.br\/en\/territorio-cultural-3\/\" aria-label=\"Cultural Showcases\"><\/a>\n        \n        <span class=\"post-featured-img\" style=\"background-image: url(https:\/\/osgeraldos.com.br\/wp-content\/uploads\/2022\/03\/cf2017-4-800x800.jpeg);\"><\/span>        \n        <div class=\"article-content-wrap\">\n          \n          <span class=\"meta-category\"><a class=\"territorios-culturais\" href=\"https:\/\/osgeraldos.com.br\/en\/category\/territorios-culturais\/\">Cultural Territories<\/a><\/span>          \n          <div class=\"post-header\">\n            <h3 class=\"title\"><a href=\"https:\/\/osgeraldos.com.br\/en\/territorio-cultural-3\/\"> Cultural Showcases<\/a><\/h3>\n                      <\/div>\n          \n        <\/div><!--article-content-wrap-->\n        \n      <\/div><!--\/content-inner-->\n        \n    <\/div><!--\/post-content-->\n      \n  <\/div><!--\/inner-wrap-->\n    \n<\/article>     \n     \n<article id=\"post-24\" class=\"masonry-blog-item post-24 post type-post status-publish format-standard has-post-thumbnail category-territorios-culturais\">  \n    \n  <div class=\"inner-wrap animated\">\n    \n    <div class=\"post-content\">\n\n      <div class=\"content-inner\">\n        \n        <a class=\"entire-meta-link\" href=\"https:\/\/osgeraldos.com.br\/en\/territorio-cultural-2\/\" aria-label=\"Old Headquarters\"><\/a>\n        \n        <span class=\"post-featured-img\" style=\"background-image: url(https:\/\/osgeraldos.com.br\/wp-content\/uploads\/2022\/09\/detalhe-na-fachada-800x684.jpg);\"><\/span>        \n        <div class=\"article-content-wrap\">\n          \n          <span class=\"meta-category\"><a class=\"territorios-culturais\" href=\"https:\/\/osgeraldos.com.br\/en\/category\/territorios-culturais\/\">Cultural Territories<\/a><\/span>          \n          <div class=\"post-header\">\n            <h3 class=\"title\"><a href=\"https:\/\/osgeraldos.com.br\/en\/territorio-cultural-2\/\"> Old Headquarters<\/a><\/h3>\n                      <\/div>\n          \n        <\/div><!--article-content-wrap-->\n        \n      <\/div><!--\/content-inner-->\n        \n    <\/div><!--\/post-content-->\n      \n  <\/div><!--\/inner-wrap-->\n    \n<\/article>    \n    <\/div><!--\/posts container-->\n    \n      \n<\/div><!--\/post area-->\n\n  \n\n<\/div>\n\n\n\t\t\t<\/div> \n\t\t<\/div>\n\t<\/div> \n<\/div><\/div>\n\t\t<div id=\"fws_69ea35510dfdf\"  data-column-margin=\"default\" data-midnight=\"dark\"  class=\"wpb_row vc_row-fluid vc_row full-width-content vc_row-o-equal-height vc_row-flex vc_row-o-content-top  nectar-overflow-hidden\"  style=\"padding-top: 0px; padding-bottom: 0px; \"><div class=\"row-bg-wrap\" data-bg-animation=\"none\" data-bg-overlay=\"false\"><div class=\"inner-wrap\"><div class=\"row-bg viewport-desktop\"  style=\"\"><\/div><\/div><\/div><div class=\"row_col_wrap_12 col span_12 dark left\">\n\t<div  class=\"vc_col-sm-12 wpb_column column_container vc_column_container col no-extra-padding el_spacing_0px inherit_tablet inherit_phone\"  data-padding-pos=\"all\" data-has-bg-color=\"false\" data-bg-color=\"\" data-bg-opacity=\"1\" data-animation=\"\" data-delay=\"0\" >\n\t\t<div class=\"vc_column-inner\" >\n\t\t\t<div class=\"wpb_wrapper\">\n\t\t\t\t<div id=\"fws_69ea35510e08f\" data-midnight=\"\" data-column-margin=\"none\" class=\"wpb_row vc_row-fluid vc_row inner_row\"  style=\" z-index: 100;\"><div class=\"row-bg-wrap\"> <div class=\"row-bg\" ><\/div> <\/div><div class=\"row_col_wrap_12_inner col span_12  left\">\n\t<div  class=\"vc_col-sm-12 wpb_column column_container vc_column_container col child_column no-extra-padding inherit_tablet inherit_phone\"   data-padding-pos=\"all\" data-has-bg-color=\"false\" data-bg-color=\"\" data-bg-opacity=\"1\" data-animation=\"\" data-delay=\"0\" data-scroll-animation=\"true\" data-scroll-animation-movement=\"transform_x\" data-scroll-animation-mobile=\"true\" data-scroll-animation-intensity=\"3.5\" >\n\t\t<div class=\"vc_column-inner\" >\n\t\t<div class=\"wpb_wrapper\">\n\t\t\t<div class=\"nectar-scrolling-text font_size_11vw font_size_mobile_15vw\" data-style=\"text_outline\" data-s-dir=\"ltr\" data-spacing=\"false\" data-outline-thickness=\"ultra-thin\" data-s-speed=\"slowest\" data-overflow=\"visible\" ><div class=\"nectar-scrolling-text-inner\" style=\"color: #eeddbe;\">\n<h1>Cultural Territories<span>&nbsp;<\/span><\/h1>\n\n<h1>Cultural Territories<span>&nbsp;<\/span><\/h1>\n\n<h1>Cultural Territories<span>&nbsp;<\/span><\/h1>\n\n<h1>Cultural Territories<span>&nbsp;<\/span><\/h1>\n\n<h1>Cultural Territories<span>&nbsp;<\/span><\/h1>\n<\/div><\/div>\n\t\t<\/div> \n\t<\/div>\n\t<\/div> \n<\/div><\/div>\n\t\t\t<\/div> \n\t\t<\/div>\n\t<\/div> \n<\/div><\/div>","protected":false},"excerpt":{"rendered":"Rosa dos Ventos (2008 - 2013) A primeira sede do grupo, espa\u00e7o cultural existente no distrito de Bar\u00e3o Geraldo, onde o grupo realizou suas atividades de 2008 a 2013, compartilhando...","protected":false},"author":1,"featured_media":0,"parent":0,"menu_order":0,"comment_status":"closed","ping_status":"closed","template":"","meta":{"footnotes":""},"class_list":["post-29","page","type-page","status-publish"],"_links":{"self":[{"href":"https:\/\/osgeraldos.com.br\/en\/wp-json\/wp\/v2\/pages\/29","targetHints":{"allow":["GET"]}}],"collection":[{"href":"https:\/\/osgeraldos.com.br\/en\/wp-json\/wp\/v2\/pages"}],"about":[{"href":"https:\/\/osgeraldos.com.br\/en\/wp-json\/wp\/v2\/types\/page"}],"author":[{"embeddable":true,"href":"https:\/\/osgeraldos.com.br\/en\/wp-json\/wp\/v2\/users\/1"}],"replies":[{"embeddable":true,"href":"https:\/\/osgeraldos.com.br\/en\/wp-json\/wp\/v2\/comments?post=29"}],"version-history":[{"count":21,"href":"https:\/\/osgeraldos.com.br\/en\/wp-json\/wp\/v2\/pages\/29\/revisions"}],"predecessor-version":[{"id":858,"href":"https:\/\/osgeraldos.com.br\/en\/wp-json\/wp\/v2\/pages\/29\/revisions\/858"}],"wp:attachment":[{"href":"https:\/\/osgeraldos.com.br\/en\/wp-json\/wp\/v2\/media?parent=29"}],"curies":[{"name":"wp","href":"https:\/\/api.w.org\/{rel}","templated":true}]}}